{"id":10386,"date":"2023-03-06T15:40:40","date_gmt":"2023-03-06T14:40:40","guid":{"rendered":"https:\/\/www.autofluid.fr\/cgu"},"modified":"2023-04-03T12:47:04","modified_gmt":"2023-04-03T10:47:04","slug":"cgu","status":"publish","type":"page","link":"https:\/\/www.autofluid.fr\/en\/cgu\/","title":{"rendered":"CGU"},"content":{"rendered":"\t\t<div data-elementor-type=\"wp-page\" data-elementor-id=\"10386\" class=\"elementor elementor-10386 elementor-9927\" data-elementor-post-type=\"page\">\n\t\t\t\t\t\t<section class=\"elementor-section elementor-top-section elementor-element elementor-element-3b19d35d ik_privacy_policy elementor-section-boxed elementor-section-height-default elementor-section-height-default\" data-id=\"3b19d35d\" data-element_type=\"section\" data-e-type=\"section\">\n\t\t\t\t\t\t<div class=\"elementor-container elementor-column-gap-default\">\n\t\t\t\t\t<div class=\"elementor-column elementor-col-100 elementor-top-column elementor-element elementor-element-1213c637 ik_politiques_confidentialite\" data-id=\"1213c637\" data-element_type=\"column\" data-e-type=\"column\">\n\t\t\t<div class=\"elementor-widget-wrap elementor-element-populated\">\n\t\t\t\t\t\t<div class=\"elementor-element elementor-element-3fdaf2a5 ml-rgpd elementor-widget elementor-widget-text-editor\" data-id=\"3fdaf2a5\" data-element_type=\"widget\" data-e-type=\"widget\" data-widget_type=\"text-editor.default\">\n\t\t\t\t<div class=\"elementor-widget-container\">\n\t\t\t\t\t\t\t\t\t<h1>Conditions g\u00e9n\u00e9rales d&#8217;utilisation du site Internet AUTOFLUID.FR<\/h1><p>Le pr\u00e9sent document a pour objet de d\u00e9finir les modalit\u00e9s et conditions dans lesquelles d\u2019une part, Traceocad, ci-apr\u00e8s d\u00e9nomm\u00e9 l\u2019EDITEUR, met \u00e0 la disposition de ses utilisateurs le site, et les services disponibles sur le site et d\u2019autre part, la mani\u00e8re par laquelle l\u2019utilisateur acc\u00e8de au site et utilise ses services.<br \/>Toute connexion au site est subordonn\u00e9e au respect des pr\u00e9sentes conditions.<br \/>Pour l\u2019utilisateur, le simple acc\u00e8s au site de l\u2019EDITEUR \u00e0 l\u2019adresse URL suivante www.autofluid.fr implique l\u2019acceptation de l\u2019ensemble des conditions d\u00e9crites ci-apr\u00e8s.<\/p><h2>Propri\u00e9t\u00e9 intellectuelle<\/h2><p>Variante 1<\/p><p>La structure g\u00e9n\u00e9rale du site www.autofluid.fr, ainsi que les textes, graphiques, images, sons et vid\u00e9os la composant, sont la propri\u00e9t\u00e9 de l&#8217;\u00e9diteur ou de ses partenaires. Toute repr\u00e9sentation et\/ou reproduction et\/ou exploitation partielle ou totale des contenus et services propos\u00e9s par le site www.autofluid.fr, par quelque proc\u00e9d\u00e9 que ce soit, sans l&#8217;autorisation pr\u00e9alable et par \u00e9crit de Trac\u00e9ocad est strictement interdite et serait susceptible de constituer une contrefa\u00e7on au sens des articles L 335-2 et suivants du Code de la propri\u00e9t\u00e9 intellectuelle.<\/p><h2>Liens hypertextes<\/h2><p>Le site www.autofluid.fr peut contenir des liens hypertextes vers d\u2019autres sites pr\u00e9sents sur le r\u00e9seau Internet. Les liens vers ces autres ressources vous font quitter le site www.autofluid.fr<br \/>Il est possible de cr\u00e9er un lien vers la page de pr\u00e9sentation de ce site sans autorisation expresse de l\u2019EDITEUR. Aucune autorisation ou demande d\u2019information pr\u00e9alable ne peut \u00eatre exig\u00e9e par l\u2019\u00e9diteur \u00e0 l\u2019\u00e9gard d\u2019un site qui souhaite \u00e9tablir un lien vers le site de l\u2019\u00e9diteur. Il convient toutefois d\u2019afficher ce site dans une nouvelle fen\u00eatre du navigateur. Cependant, l\u2019EDITEUR se r\u00e9serve le droit de demander la suppression d\u2019un lien qu\u2019il estime non conforme \u00e0 l\u2019objet du site www.autofluid.fr<\/p><h2>Responsabilit\u00e9 de l\u2019\u00e9diteur<\/h2><p>Les informations et\/ou documents figurant sur ce site et\/ou accessibles par ce site proviennent de sources consid\u00e9r\u00e9es comme \u00e9tant fiables.<br \/>Toutefois, ces informations et\/ou documents sont susceptibles de contenir des inexactitudes techniques et des erreurs typographiques.<br \/>L\u2019EDITEUR se r\u00e9serve le droit de les corriger, d\u00e8s que ces erreurs sont port\u00e9es \u00e0 sa connaissance.<br \/>Il est fortement recommand\u00e9 de v\u00e9rifier l\u2019exactitude et la pertinence des informations et\/ou documents mis \u00e0 disposition sur ce site.<br \/>Les informations et\/ou documents disponibles sur ce site sont susceptibles d\u2019\u00eatre modifi\u00e9s \u00e0 tout moment, et peuvent avoir fait l\u2019objet de mises \u00e0 jour. En particulier, ils peuvent avoir fait l\u2019objet d\u2019une mise \u00e0 jour entre le moment de leur t\u00e9l\u00e9chargement et celui o\u00f9 l\u2019utilisateur en prend connaissance.<br \/>L\u2019utilisation des informations et\/ou documents disponibles sur ce site se fait sous l\u2019enti\u00e8re et seule responsabilit\u00e9 de l\u2019utilisateur, qui assume la totalit\u00e9 des cons\u00e9quences pouvant en d\u00e9couler, sans que l\u2019EDITEUR puisse \u00eatre recherch\u00e9 \u00e0 ce titre, et sans recours contre ce dernier.<br \/>L\u2019EDITEUR ne pourra en aucun cas \u00eatre tenu responsable de tout dommage de quelque nature qu\u2019il soit r\u00e9sultant de l\u2019interpr\u00e9tation ou de l\u2019utilisation des informations et\/ou documents disponibles sur ce site.<\/p><h2>Acc\u00e8s au site<\/h2><p>L\u2019\u00e9diteur s\u2019efforce de permettre l\u2019acc\u00e8s au site 24 heures sur 24, 7 jours sur 7, sauf en cas de force majeure ou d\u2019un \u00e9v\u00e9nement hors du contr\u00f4le de l\u2019EDITEUR, et sous r\u00e9serve des \u00e9ventuelles pannes et interventions de maintenance n\u00e9cessaires au bon fonctionnement du site et des services.<br \/>Par cons\u00e9quent, l\u2019EDITEUR ne peut garantir une disponibilit\u00e9 du site et\/ou des services, une fiabilit\u00e9 des transmissions et des performances en termes de temps de r\u00e9ponse ou de qualit\u00e9. Il n\u2019est pr\u00e9vu aucune assistance technique vis \u00e0 vis de l\u2019utilisateur que ce soit par des moyens \u00e9lectronique ou t\u00e9l\u00e9phonique.<\/p><p>La responsabilit\u00e9 de l\u2019\u00e9diteur ne saurait \u00eatre engag\u00e9e en cas d\u2019impossibilit\u00e9 d\u2019acc\u00e8s \u00e0 ce site et\/ou d\u2019utilisation des services.<\/p><p>Par ailleurs, l\u2019EDITEUR peut \u00eatre amen\u00e9 \u00e0 interrompre le site ou une partie des services, \u00e0 tout moment sans pr\u00e9avis, le tout sans droit \u00e0 indemnit\u00e9s. L\u2019utilisateur reconna\u00eet et accepte que l\u2019EDITEUR ne soit pas responsable des interruptions, et des cons\u00e9quences qui peuvent en d\u00e9couler pour l\u2019utilisateur ou tout tiers.<\/p><h2>Modification des conditions d\u2019utilisation<\/h2><p>L\u2019EDITEUR se r\u00e9serve la possibilit\u00e9 de modifier, \u00e0 tout moment et sans pr\u00e9avis, les pr\u00e9sentes conditions d\u2019utilisation afin de les adapter aux \u00e9volutions du site et\/ou de son exploitation.<\/p><h2>R\u00e8gles d&#8217;usage d&#8217;Internet<\/h2><p>L\u2019utilisateur d\u00e9clare accepter les caract\u00e9ristiques et les limites d\u2019Internet, et notamment reconna\u00eet que :<br \/>L\u2019EDITEUR n\u2019assume aucune responsabilit\u00e9 sur les services accessibles par Internet et n\u2019exerce aucun contr\u00f4le de quelque forme que ce soit sur la nature et les caract\u00e9ristiques des donn\u00e9es qui pourraient transiter par l\u2019interm\u00e9diaire de son centre serveur.<br \/>L\u2019utilisateur reconna\u00eet que les donn\u00e9es circulant sur Internet ne sont pas prot\u00e9g\u00e9es notamment contre les d\u00e9tournements \u00e9ventuels. La pr\u00e9sence du logo Trac\u00e9ocad institue une pr\u00e9somption simple de validit\u00e9. La communication de toute information jug\u00e9e par l\u2019utilisateur de nature sensible ou confidentielle se fait \u00e0 ses risques et p\u00e9rils.<br \/>L\u2019utilisateur reconna\u00eet que les donn\u00e9es circulant sur Internet peuvent \u00eatre r\u00e9glement\u00e9es en termes d\u2019usage ou \u00eatre prot\u00e9g\u00e9es par un droit de propri\u00e9t\u00e9.<br \/>L\u2019utilisateur est seul responsable de l\u2019usage des donn\u00e9es qu\u2019il consulte, interroge et transf\u00e8re sur Internet.<br \/>L\u2019utilisateur reconna\u00eet que l\u2019EDITEUR ne dispose d\u2019aucun moyen de contr\u00f4le sur le contenu des services accessibles sur Internet<\/p><h2>Droit applicable<\/h2><p>Tant le pr\u00e9sent site que les modalit\u00e9s et conditions de son utilisation sont r\u00e9gis par le droit fran\u00e7ais, quel que soit le lieu d\u2019utilisation. En cas de contestation \u00e9ventuelle, et apr\u00e8s l\u2019\u00e9chec de toute tentative de recherche d\u2019une solution amiable, les tribunaux fran\u00e7ais seront seuls comp\u00e9tents pour conna\u00eetre de ce litige.<br \/>Pour toute question relative aux pr\u00e9sentes conditions d\u2019utilisation du site, vous pouvez nous \u00e9crire \u00e0 l\u2019adresse suivante :<br \/>SAS TRACEOCAD \u2013 1544, chemin de la Rose \u2013 13100 Aix en Provence<\/p>\t\t\t\t\t\t\t\t<\/div>\n\t\t\t\t<\/div>\n\t\t\t\t\t<\/div>\n\t\t<\/div>\n\t\t\t\t\t<\/div>\n\t\t<\/section>\n\t\t\t\t<\/div>\n\t\t","protected":false},"excerpt":{"rendered":"<p>Conditions g\u00e9n\u00e9rales d&#8217;utilisation du site Internet AUTOFLUID.FR Le pr\u00e9sent document a pour objet de d\u00e9finir les modalit\u00e9s et conditions dans lesquelles d\u2019une part, Traceocad, ci-apr\u00e8s d\u00e9nomm\u00e9 l\u2019EDITEUR, met \u00e0 la disposition de ses utilisateurs le site, et les services disponibles sur le site et d\u2019autre part, la mani\u00e8re par laquelle l\u2019utilisateur acc\u00e8de au site et [&hellip;]<\/p>\n","protected":false},"author":1,"featured_media":6677,"parent":0,"menu_order":0,"comment_status":"closed","ping_status":"closed","template":"","meta":{"_acf_changed":false,"inline_featured_image":false,"footnotes":""},"class_list":["post-10386","page","type-page","status-publish","has-post-thumbnail","hentry"],"acf":[],"yoast_head":"<!-- This site is optimized with the Yoast SEO plugin v27.3 - https:\/\/yoast.com\/product\/yoast-seo-wordpress\/ -->\n<title>Politiques de confidentialit\u00e9s | AUTOFLUID<\/title>\n<meta name=\"description\" content=\"Consultez les politiques de confidentialit\u00e9 de notre site internet Autofluid. Une question ? N\u2019h\u00e9sitez pas \u00e0 nous contacter.\" \/>\n<meta name=\"robots\" content=\"index, follow, max-snippet:-1, max-image-preview:large, max-video-preview:-1\" \/>\n<link rel=\"canonical\" href=\"https:\/\/www.autofluid.fr\/en\/cgu\/\" \/>\n<meta property=\"og:locale\" content=\"en_US\" \/>\n<meta property=\"og:type\" content=\"article\" \/>\n<meta property=\"og:title\" content=\"Politiques de confidentialit\u00e9s | AUTOFLUID\" \/>\n<meta property=\"og:description\" content=\"Consultez les politiques de confidentialit\u00e9 de notre site internet Autofluid. Une question ? N\u2019h\u00e9sitez pas \u00e0 nous contacter.\" \/>\n<meta property=\"og:url\" content=\"https:\/\/www.autofluid.fr\/en\/cgu\/\" \/>\n<meta property=\"og:site_name\" content=\"AUTOFLUID\" \/>\n<meta property=\"article:modified_time\" content=\"2023-04-03T10:47:04+00:00\" \/>\n<meta property=\"og:image\" content=\"https:\/\/www.autofluid.fr\/wp-content\/uploads\/2022\/04\/formule-abonnement-autofluid-scaled.jpg\" \/>\n\t<meta property=\"og:image:width\" content=\"2560\" \/>\n\t<meta property=\"og:image:height\" content=\"738\" \/>\n\t<meta property=\"og:image:type\" content=\"image\/jpeg\" \/>\n<meta name=\"twitter:card\" content=\"summary_large_image\" \/>\n<meta name=\"twitter:label1\" content=\"Est. reading time\" \/>\n\t<meta name=\"twitter:data1\" content=\"5 minutes\" \/>\n<script type=\"application\/ld+json\" class=\"yoast-schema-graph\">{\"@context\":\"https:\\\/\\\/schema.org\",\"@graph\":[{\"@type\":\"WebPage\",\"@id\":\"https:\\\/\\\/www.autofluid.fr\\\/en\\\/cgu\\\/\",\"url\":\"https:\\\/\\\/www.autofluid.fr\\\/en\\\/cgu\\\/\",\"name\":\"Politiques de confidentialit\u00e9s | AUTOFLUID\",\"isPartOf\":{\"@id\":\"https:\\\/\\\/www.autofluid.fr\\\/#website\"},\"primaryImageOfPage\":{\"@id\":\"https:\\\/\\\/www.autofluid.fr\\\/en\\\/cgu\\\/#primaryimage\"},\"image\":{\"@id\":\"https:\\\/\\\/www.autofluid.fr\\\/en\\\/cgu\\\/#primaryimage\"},\"thumbnailUrl\":\"https:\\\/\\\/www.autofluid.fr\\\/wp-content\\\/uploads\\\/2022\\\/04\\\/formule-abonnement-autofluid-scaled.jpg\",\"datePublished\":\"2023-03-06T14:40:40+00:00\",\"dateModified\":\"2023-04-03T10:47:04+00:00\",\"description\":\"Consultez les politiques de confidentialit\u00e9 de notre site internet Autofluid. Une question ? N\u2019h\u00e9sitez pas \u00e0 nous contacter.\",\"inLanguage\":\"en-US\",\"potentialAction\":[{\"@type\":\"ReadAction\",\"target\":[\"https:\\\/\\\/www.autofluid.fr\\\/en\\\/cgu\\\/\"]}]},{\"@type\":\"ImageObject\",\"inLanguage\":\"en-US\",\"@id\":\"https:\\\/\\\/www.autofluid.fr\\\/en\\\/cgu\\\/#primaryimage\",\"url\":\"https:\\\/\\\/www.autofluid.fr\\\/wp-content\\\/uploads\\\/2022\\\/04\\\/formule-abonnement-autofluid-scaled.jpg\",\"contentUrl\":\"https:\\\/\\\/www.autofluid.fr\\\/wp-content\\\/uploads\\\/2022\\\/04\\\/formule-abonnement-autofluid-scaled.jpg\",\"width\":2560,\"height\":738,\"caption\":\"logo de la suite Autofluid\"},{\"@type\":\"WebSite\",\"@id\":\"https:\\\/\\\/www.autofluid.fr\\\/#website\",\"url\":\"https:\\\/\\\/www.autofluid.fr\\\/\",\"name\":\"AUTOFLUID\",\"description\":\"Le logiciel de conception et dessin 2D et 3D des professionnels des fluides CVC et sanitaires\",\"publisher\":{\"@id\":\"https:\\\/\\\/www.autofluid.fr\\\/#organization\"},\"potentialAction\":[{\"@type\":\"SearchAction\",\"target\":{\"@type\":\"EntryPoint\",\"urlTemplate\":\"https:\\\/\\\/www.autofluid.fr\\\/?s={search_term_string}\"},\"query-input\":{\"@type\":\"PropertyValueSpecification\",\"valueRequired\":true,\"valueName\":\"search_term_string\"}}],\"inLanguage\":\"en-US\"},{\"@type\":\"Organization\",\"@id\":\"https:\\\/\\\/www.autofluid.fr\\\/#organization\",\"name\":\"AUTOFLUID\",\"url\":\"https:\\\/\\\/www.autofluid.fr\\\/\",\"logo\":{\"@type\":\"ImageObject\",\"inLanguage\":\"en-US\",\"@id\":\"https:\\\/\\\/www.autofluid.fr\\\/#\\\/schema\\\/logo\\\/image\\\/\",\"url\":\"https:\\\/\\\/www.autofluid.fr\\\/wp-content\\\/uploads\\\/2022\\\/04\\\/logo-autofluid-bleu.svg\",\"contentUrl\":\"https:\\\/\\\/www.autofluid.fr\\\/wp-content\\\/uploads\\\/2022\\\/04\\\/logo-autofluid-bleu.svg\",\"width\":172,\"height\":29,\"caption\":\"AUTOFLUID\"},\"image\":{\"@id\":\"https:\\\/\\\/www.autofluid.fr\\\/#\\\/schema\\\/logo\\\/image\\\/\"}}]}<\/script>\n<!-- \/ Yoast SEO plugin. -->","yoast_head_json":{"title":"Politiques de confidentialit\u00e9s | AUTOFLUID","description":"Consultez les politiques de confidentialit\u00e9 de notre site internet Autofluid. Une question ? N\u2019h\u00e9sitez pas \u00e0 nous contacter.","robots":{"index":"index","follow":"follow","max-snippet":"max-snippet:-1","max-image-preview":"max-image-preview:large","max-video-preview":"max-video-preview:-1"},"canonical":"https:\/\/www.autofluid.fr\/en\/cgu\/","og_locale":"en_US","og_type":"article","og_title":"Politiques de confidentialit\u00e9s | AUTOFLUID","og_description":"Consultez les politiques de confidentialit\u00e9 de notre site internet Autofluid. Une question ? N\u2019h\u00e9sitez pas \u00e0 nous contacter.","og_url":"https:\/\/www.autofluid.fr\/en\/cgu\/","og_site_name":"AUTOFLUID","article_modified_time":"2023-04-03T10:47:04+00:00","og_image":[{"width":2560,"height":738,"url":"https:\/\/www.autofluid.fr\/wp-content\/uploads\/2022\/04\/formule-abonnement-autofluid-scaled.jpg","type":"image\/jpeg"}],"twitter_card":"summary_large_image","twitter_misc":{"Est. reading time":"5 minutes"},"schema":{"@context":"https:\/\/schema.org","@graph":[{"@type":"WebPage","@id":"https:\/\/www.autofluid.fr\/en\/cgu\/","url":"https:\/\/www.autofluid.fr\/en\/cgu\/","name":"Politiques de confidentialit\u00e9s | AUTOFLUID","isPartOf":{"@id":"https:\/\/www.autofluid.fr\/#website"},"primaryImageOfPage":{"@id":"https:\/\/www.autofluid.fr\/en\/cgu\/#primaryimage"},"image":{"@id":"https:\/\/www.autofluid.fr\/en\/cgu\/#primaryimage"},"thumbnailUrl":"https:\/\/www.autofluid.fr\/wp-content\/uploads\/2022\/04\/formule-abonnement-autofluid-scaled.jpg","datePublished":"2023-03-06T14:40:40+00:00","dateModified":"2023-04-03T10:47:04+00:00","description":"Consultez les politiques de confidentialit\u00e9 de notre site internet Autofluid. Une question ? N\u2019h\u00e9sitez pas \u00e0 nous contacter.","inLanguage":"en-US","potentialAction":[{"@type":"ReadAction","target":["https:\/\/www.autofluid.fr\/en\/cgu\/"]}]},{"@type":"ImageObject","inLanguage":"en-US","@id":"https:\/\/www.autofluid.fr\/en\/cgu\/#primaryimage","url":"https:\/\/www.autofluid.fr\/wp-content\/uploads\/2022\/04\/formule-abonnement-autofluid-scaled.jpg","contentUrl":"https:\/\/www.autofluid.fr\/wp-content\/uploads\/2022\/04\/formule-abonnement-autofluid-scaled.jpg","width":2560,"height":738,"caption":"logo de la suite Autofluid"},{"@type":"WebSite","@id":"https:\/\/www.autofluid.fr\/#website","url":"https:\/\/www.autofluid.fr\/","name":"AUTOFLUID","description":"Le logiciel de conception et dessin 2D et 3D des professionnels des fluides CVC et sanitaires","publisher":{"@id":"https:\/\/www.autofluid.fr\/#organization"},"potentialAction":[{"@type":"SearchAction","target":{"@type":"EntryPoint","urlTemplate":"https:\/\/www.autofluid.fr\/?s={search_term_string}"},"query-input":{"@type":"PropertyValueSpecification","valueRequired":true,"valueName":"search_term_string"}}],"inLanguage":"en-US"},{"@type":"Organization","@id":"https:\/\/www.autofluid.fr\/#organization","name":"AUTOFLUID","url":"https:\/\/www.autofluid.fr\/","logo":{"@type":"ImageObject","inLanguage":"en-US","@id":"https:\/\/www.autofluid.fr\/#\/schema\/logo\/image\/","url":"https:\/\/www.autofluid.fr\/wp-content\/uploads\/2022\/04\/logo-autofluid-bleu.svg","contentUrl":"https:\/\/www.autofluid.fr\/wp-content\/uploads\/2022\/04\/logo-autofluid-bleu.svg","width":172,"height":29,"caption":"AUTOFLUID"},"image":{"@id":"https:\/\/www.autofluid.fr\/#\/schema\/logo\/image\/"}}]}},"_links":{"self":[{"href":"https:\/\/www.autofluid.fr\/en\/wp-json\/wp\/v2\/pages\/10386","targetHints":{"allow":["GET"]}}],"collection":[{"href":"https:\/\/www.autofluid.fr\/en\/wp-json\/wp\/v2\/pages"}],"about":[{"href":"https:\/\/www.autofluid.fr\/en\/wp-json\/wp\/v2\/types\/page"}],"author":[{"embeddable":true,"href":"https:\/\/www.autofluid.fr\/en\/wp-json\/wp\/v2\/users\/1"}],"replies":[{"embeddable":true,"href":"https:\/\/www.autofluid.fr\/en\/wp-json\/wp\/v2\/comments?post=10386"}],"version-history":[{"count":2,"href":"https:\/\/www.autofluid.fr\/en\/wp-json\/wp\/v2\/pages\/10386\/revisions"}],"predecessor-version":[{"id":19895,"href":"https:\/\/www.autofluid.fr\/en\/wp-json\/wp\/v2\/pages\/10386\/revisions\/19895"}],"wp:featuredmedia":[{"embeddable":true,"href":"https:\/\/www.autofluid.fr\/en\/wp-json\/wp\/v2\/media\/6677"}],"wp:attachment":[{"href":"https:\/\/www.autofluid.fr\/en\/wp-json\/wp\/v2\/media?parent=10386"}],"curies":[{"name":"wp","href":"https:\/\/api.w.org\/{rel}","templated":true}]}}