{"id":10896,"date":"2021-01-19T10:59:33","date_gmt":"2021-01-19T09:59:33","guid":{"rendered":"https:\/\/www.autofluid.fr\/?page_id=10896"},"modified":"2024-06-20T17:55:51","modified_gmt":"2024-06-20T15:55:51","slug":"legal-notices","status":"publish","type":"page","link":"https:\/\/www.autofluid.fr\/en\/legal-notices\/","title":{"rendered":"Legal notices"},"content":{"rendered":"\t\t<div data-elementor-type=\"wp-page\" data-elementor-id=\"10896\" class=\"elementor elementor-10896 elementor-3024\" data-elementor-post-type=\"page\">\n\t\t\t\t\t\t<section class=\"elementor-section elementor-top-section elementor-element elementor-element-17045f1 elementor-section-boxed elementor-section-height-default elementor-section-height-default\" data-id=\"17045f1\" data-element_type=\"section\" data-e-type=\"section\">\n\t\t\t\t\t\t<div class=\"elementor-container elementor-column-gap-default\">\n\t\t\t\t\t<div class=\"elementor-column elementor-col-100 elementor-top-column elementor-element elementor-element-e433c97\" data-id=\"e433c97\" data-element_type=\"column\" data-e-type=\"column\">\n\t\t\t<div class=\"elementor-widget-wrap elementor-element-populated\">\n\t\t\t\t\t\t<div class=\"elementor-element elementor-element-4a35037 ml-rgpd elementor-widget elementor-widget-text-editor\" data-id=\"4a35037\" data-element_type=\"widget\" data-e-type=\"widget\" data-widget_type=\"text-editor.default\">\n\t\t\t\t<div class=\"elementor-widget-container\">\n\t\t\t\t\t\t\t\t\t<h1>Informativa sulla privacy di TRACEOCAD<\/h1><h3>ARTICOLO 1 &#8211; AMBITO DI APPLICAZIONE E APPLICABILIT\u00c0<\/h3><p>Il presente documento integra le condizioni generali e particolari di qualsiasi contratto stipulato tra, da un lato, la societ\u00e0 TRACEOCAD, iscritta al RCS di Aix en Provence con il numero 528 939 630 e con sede legale al 1544 Chemin de la Rose, nella persona del suo attuale Presidente e, dall&#8217;altro, qualsiasi persona fisica o giuridica che si avvale dei servizi della societ\u00e0 TRACEOCAD (di seguito denominata &#8220;il Cliente&#8221;).<\/p><p>All connections to the site are subject to compliance with these conditions.<\/p><p>For the user, the simple access to the WEBSITE of the PUBLISHER at the following URL address www.autofluid.fr implies the acceptance of all the conditions described hereafter.<\/p><h2>Intellectual property<\/h2><p>The general structure of the www.autofluid.fr website, as well as the texts, graphics, images, sounds and videos that make it up, are the property of the publisher or its partners.<\/p><p>Any representation and\/or reproduction and\/or use of all or part of the content and services offered by the www.autofluid.fr website, by any means whatsoever, without the prior written authorisation of Trac\u00e9ocad is strictly prohibited and may constitute an infringement of copyright under articles L 335-2 et seq. of the French Intellectual Property Code.<\/p><h2>Hypertext links<\/h2><p>The www.autofluid.fr site may contain hypertext links to other sites on the Internet. Links to these other resources will take you away from the www.autofluid.fr site.<\/p><p>It is possible to create a link to the presentation page of this site without the express authorisation of the PUBLISHER. No authorisation or request for prior information may be required by the PUBLISHER in respect of a site wishing to establish a link to the PUBLISHER&#8217;s site. However, it is advisable to display this site in a new browser window. However, the PUBLISHER reserves the right to request the removal of any link that it considers to be inconsistent with the purpose of the www.autofluid.fr website.<\/p><h2>Responsibility of the publisher<\/h2><p>The information and\/or documents appearing on this site and\/or accessible via this site come from sources considered to be reliable.<\/p><p>However, such information and\/or documents may contain technical inaccuracies and typographical errors.<\/p><p>The PUBLISHER reserves the right to correct these errors as soon as they are brought to its attention.<\/p><p>We strongly recommend that you check the accuracy and relevance of the information and\/or documents made available on this site.<br \/>The information and\/or documents available on this site may be modified at any time and may have been updated. In particular, they may have been updated between the time they were downloaded and the time the user became aware of them.<\/p><p>The use of the information and\/or documents available on this site is made under the whole and only responsibility of the user, who assumes the totality of the consequences which can result from it, without the PUBLISHER being able to be required for this reason, and without recourse against this last.<\/p><p>The PUBLISHER cannot be held responsible for any damage of any nature resulting from the interpretation or use of the information and\/or documents available on this site.<\/p><h2>Site access<\/h2><p>The PUBLISHER endeavours to allow access to the site 24 hours a day, 7 days a week, except in the event of force majeure or an event beyond the control of the PUBLISHER, and subject to any breakdowns and maintenance operations necessary for the proper functioning of the site and services.<\/p><p>Par cons\u00e9quent, l\u2019EDITEUR ne peut garantir une disponibilit\u00e9 du site et\/ou des services, une fiabilit\u00e9 des transmissions et des performances en termes de temps de r\u00e9ponse ou de qualit\u00e9. Il n\u2019est pr\u00e9vu aucune assistance technique vis \u00e0 vis de l\u2019utilisateur que ce soit par des moyens \u00e9lectronique ou t\u00e9l\u00e9phonique.<\/p><p>The publisher cannot be held liable if it is impossible to access this site and\/or use the services.<\/p><p>Moreover, the PUBLISHER can be brought to interrupt the site or a part of the services, at any time without notice, the whole without right to compensations. The user recognizes and accepts that the PUBLISHER is not responsible for the interruptions, and for the consequences which can result from it for the user or any third.<\/p><h2>Modification of conditions of use<\/h2><p>The PUBLISHER reserves the right to modify, at any time and without prior notice, the present conditions of use in order to adapt them to changes in the site and\/or its operation.<\/p><h2>Rules for using the Internet<\/h2><p>The user declares that he\/she accepts the characteristics and limits of the Internet, and in particular acknowledges that :<\/p><p>The PUBLISHER does not assume any responsibility on the services accessible by Internet and does not exert any control of some form that it is on the nature and the characteristics of the data which could transit via its centre server.<\/p><p>The user acknowledges that data circulating on the Internet is not protected, in particular against possible misappropriation. The presence of the Trac\u00e9ocad logo establishes a simple presumption of validity. The communication of any information deemed by the user to be of a sensitive or confidential nature is at the user&#8217;s own risk.<\/p><p>The user acknowledges that data circulating on the Internet may be regulated in terms of use or protected by property rights.<\/p><p>Users are solely responsible for the use of the data they consult, query and transfer on the Internet.<\/p><p>The user acknowledges that the PUBLISHER has no means of controlling the content of the services accessible on the Internet.<\/p><h2>Applicable law<\/h2><p>Both this site and the terms and conditions of its use are governed by French law, regardless of the place of use. In the event of any dispute, and after all attempts to find an amicable solution have failed, the French courts shall have sole jurisdiction to hear the dispute.<\/p><p>If you have any questions about these terms and conditions of use of the site, you can write to us at the following address:<\/p><p>SAS TRACEOCAD \u2013 1544, chemin de la Rose \u2013 13100 Aix en Provence &#8211; FRANCE<\/p>\t\t\t\t\t\t\t\t<\/div>\n\t\t\t\t<\/div>\n\t\t\t\t\t<\/div>\n\t\t<\/div>\n\t\t\t\t\t<\/div>\n\t\t<\/section>\n\t\t\t\t<\/div>\n\t\t","protected":false},"excerpt":{"rendered":"<p>Informativa sulla privacy di TRACEOCAD ARTICOLO 1 &#8211; AMBITO DI APPLICAZIONE E APPLICABILIT\u00c0 Il presente documento integra le condizioni generali e particolari di qualsiasi contratto stipulato tra, da un lato, la societ\u00e0 TRACEOCAD, iscritta al RCS di Aix en Provence con il numero 528 939 630 e con sede legale al 1544 Chemin de la [&hellip;]<\/p>\n","protected":false},"author":1,"featured_media":6677,"parent":0,"menu_order":0,"comment_status":"closed","ping_status":"closed","template":"","meta":{"_acf_changed":false,"inline_featured_image":false,"footnotes":""},"class_list":["post-10896","page","type-page","status-publish","has-post-thumbnail","hentry"],"acf":[],"yoast_head":"<!-- This site is optimized with the Yoast SEO plugin v27.3 - https:\/\/yoast.com\/product\/yoast-seo-wordpress\/ -->\n<title>Legal notices - AUTOFLUID<\/title>\n<meta name=\"description\" content=\"Legal notices of Traceocad, editor of AUTOFLUID software presented on autofluid.fr\" \/>\n<meta name=\"robots\" content=\"index, follow, max-snippet:-1, max-image-preview:large, max-video-preview:-1\" \/>\n<link rel=\"canonical\" href=\"https:\/\/www.autofluid.fr\/en\/legal-notices\/\" \/>\n<meta property=\"og:locale\" content=\"en_US\" \/>\n<meta property=\"og:type\" content=\"article\" \/>\n<meta property=\"og:title\" content=\"Legal notices - AUTOFLUID\" \/>\n<meta property=\"og:description\" content=\"Legal notices of Traceocad, editor of AUTOFLUID software presented on autofluid.fr\" \/>\n<meta property=\"og:url\" content=\"https:\/\/www.autofluid.fr\/en\/legal-notices\/\" \/>\n<meta property=\"og:site_name\" content=\"AUTOFLUID\" \/>\n<meta property=\"article:modified_time\" content=\"2024-06-20T15:55:51+00:00\" \/>\n<meta property=\"og:image\" content=\"https:\/\/www.autofluid.fr\/wp-content\/uploads\/2022\/04\/formule-abonnement-autofluid-scaled.jpg\" \/>\n\t<meta property=\"og:image:width\" content=\"2560\" \/>\n\t<meta property=\"og:image:height\" content=\"738\" \/>\n\t<meta property=\"og:image:type\" content=\"image\/jpeg\" \/>\n<meta name=\"twitter:card\" content=\"summary_large_image\" \/>\n<meta name=\"twitter:label1\" content=\"Est. reading time\" \/>\n\t<meta name=\"twitter:data1\" content=\"5 minutes\" \/>\n<script type=\"application\/ld+json\" class=\"yoast-schema-graph\">{\"@context\":\"https:\\\/\\\/schema.org\",\"@graph\":[{\"@type\":\"WebPage\",\"@id\":\"https:\\\/\\\/www.autofluid.fr\\\/en\\\/legal-notices\\\/\",\"url\":\"https:\\\/\\\/www.autofluid.fr\\\/en\\\/legal-notices\\\/\",\"name\":\"Legal notices - AUTOFLUID\",\"isPartOf\":{\"@id\":\"https:\\\/\\\/www.autofluid.fr\\\/#website\"},\"primaryImageOfPage\":{\"@id\":\"https:\\\/\\\/www.autofluid.fr\\\/en\\\/legal-notices\\\/#primaryimage\"},\"image\":{\"@id\":\"https:\\\/\\\/www.autofluid.fr\\\/en\\\/legal-notices\\\/#primaryimage\"},\"thumbnailUrl\":\"https:\\\/\\\/www.autofluid.fr\\\/wp-content\\\/uploads\\\/2022\\\/04\\\/formule-abonnement-autofluid-scaled.jpg\",\"datePublished\":\"2021-01-19T09:59:33+00:00\",\"dateModified\":\"2024-06-20T15:55:51+00:00\",\"description\":\"Legal notices of Traceocad, editor of AUTOFLUID software presented on autofluid.fr\",\"inLanguage\":\"en-US\",\"potentialAction\":[{\"@type\":\"ReadAction\",\"target\":[\"https:\\\/\\\/www.autofluid.fr\\\/en\\\/legal-notices\\\/\"]}]},{\"@type\":\"ImageObject\",\"inLanguage\":\"en-US\",\"@id\":\"https:\\\/\\\/www.autofluid.fr\\\/en\\\/legal-notices\\\/#primaryimage\",\"url\":\"https:\\\/\\\/www.autofluid.fr\\\/wp-content\\\/uploads\\\/2022\\\/04\\\/formule-abonnement-autofluid-scaled.jpg\",\"contentUrl\":\"https:\\\/\\\/www.autofluid.fr\\\/wp-content\\\/uploads\\\/2022\\\/04\\\/formule-abonnement-autofluid-scaled.jpg\",\"width\":2560,\"height\":738,\"caption\":\"logo de la suite Autofluid\"},{\"@type\":\"WebSite\",\"@id\":\"https:\\\/\\\/www.autofluid.fr\\\/#website\",\"url\":\"https:\\\/\\\/www.autofluid.fr\\\/\",\"name\":\"AUTOFLUID\",\"description\":\"Le logiciel de conception et dessin 2D et 3D des professionnels des fluides CVC et sanitaires\",\"publisher\":{\"@id\":\"https:\\\/\\\/www.autofluid.fr\\\/#organization\"},\"potentialAction\":[{\"@type\":\"SearchAction\",\"target\":{\"@type\":\"EntryPoint\",\"urlTemplate\":\"https:\\\/\\\/www.autofluid.fr\\\/?s={search_term_string}\"},\"query-input\":{\"@type\":\"PropertyValueSpecification\",\"valueRequired\":true,\"valueName\":\"search_term_string\"}}],\"inLanguage\":\"en-US\"},{\"@type\":\"Organization\",\"@id\":\"https:\\\/\\\/www.autofluid.fr\\\/#organization\",\"name\":\"AUTOFLUID\",\"url\":\"https:\\\/\\\/www.autofluid.fr\\\/\",\"logo\":{\"@type\":\"ImageObject\",\"inLanguage\":\"en-US\",\"@id\":\"https:\\\/\\\/www.autofluid.fr\\\/#\\\/schema\\\/logo\\\/image\\\/\",\"url\":\"https:\\\/\\\/www.autofluid.fr\\\/wp-content\\\/uploads\\\/2022\\\/04\\\/logo-autofluid-bleu.svg\",\"contentUrl\":\"https:\\\/\\\/www.autofluid.fr\\\/wp-content\\\/uploads\\\/2022\\\/04\\\/logo-autofluid-bleu.svg\",\"width\":172,\"height\":29,\"caption\":\"AUTOFLUID\"},\"image\":{\"@id\":\"https:\\\/\\\/www.autofluid.fr\\\/#\\\/schema\\\/logo\\\/image\\\/\"}}]}<\/script>\n<!-- \/ Yoast SEO plugin. -->","yoast_head_json":{"title":"Legal notices - AUTOFLUID","description":"Legal notices of Traceocad, editor of AUTOFLUID software presented on autofluid.fr","robots":{"index":"index","follow":"follow","max-snippet":"max-snippet:-1","max-image-preview":"max-image-preview:large","max-video-preview":"max-video-preview:-1"},"canonical":"https:\/\/www.autofluid.fr\/en\/legal-notices\/","og_locale":"en_US","og_type":"article","og_title":"Legal notices - AUTOFLUID","og_description":"Legal notices of Traceocad, editor of AUTOFLUID software presented on autofluid.fr","og_url":"https:\/\/www.autofluid.fr\/en\/legal-notices\/","og_site_name":"AUTOFLUID","article_modified_time":"2024-06-20T15:55:51+00:00","og_image":[{"width":2560,"height":738,"url":"https:\/\/www.autofluid.fr\/wp-content\/uploads\/2022\/04\/formule-abonnement-autofluid-scaled.jpg","type":"image\/jpeg"}],"twitter_card":"summary_large_image","twitter_misc":{"Est. reading time":"5 minutes"},"schema":{"@context":"https:\/\/schema.org","@graph":[{"@type":"WebPage","@id":"https:\/\/www.autofluid.fr\/en\/legal-notices\/","url":"https:\/\/www.autofluid.fr\/en\/legal-notices\/","name":"Legal notices - AUTOFLUID","isPartOf":{"@id":"https:\/\/www.autofluid.fr\/#website"},"primaryImageOfPage":{"@id":"https:\/\/www.autofluid.fr\/en\/legal-notices\/#primaryimage"},"image":{"@id":"https:\/\/www.autofluid.fr\/en\/legal-notices\/#primaryimage"},"thumbnailUrl":"https:\/\/www.autofluid.fr\/wp-content\/uploads\/2022\/04\/formule-abonnement-autofluid-scaled.jpg","datePublished":"2021-01-19T09:59:33+00:00","dateModified":"2024-06-20T15:55:51+00:00","description":"Legal notices of Traceocad, editor of AUTOFLUID software presented on autofluid.fr","inLanguage":"en-US","potentialAction":[{"@type":"ReadAction","target":["https:\/\/www.autofluid.fr\/en\/legal-notices\/"]}]},{"@type":"ImageObject","inLanguage":"en-US","@id":"https:\/\/www.autofluid.fr\/en\/legal-notices\/#primaryimage","url":"https:\/\/www.autofluid.fr\/wp-content\/uploads\/2022\/04\/formule-abonnement-autofluid-scaled.jpg","contentUrl":"https:\/\/www.autofluid.fr\/wp-content\/uploads\/2022\/04\/formule-abonnement-autofluid-scaled.jpg","width":2560,"height":738,"caption":"logo de la suite Autofluid"},{"@type":"WebSite","@id":"https:\/\/www.autofluid.fr\/#website","url":"https:\/\/www.autofluid.fr\/","name":"AUTOFLUID","description":"Le logiciel de conception et dessin 2D et 3D des professionnels des fluides CVC et sanitaires","publisher":{"@id":"https:\/\/www.autofluid.fr\/#organization"},"potentialAction":[{"@type":"SearchAction","target":{"@type":"EntryPoint","urlTemplate":"https:\/\/www.autofluid.fr\/?s={search_term_string}"},"query-input":{"@type":"PropertyValueSpecification","valueRequired":true,"valueName":"search_term_string"}}],"inLanguage":"en-US"},{"@type":"Organization","@id":"https:\/\/www.autofluid.fr\/#organization","name":"AUTOFLUID","url":"https:\/\/www.autofluid.fr\/","logo":{"@type":"ImageObject","inLanguage":"en-US","@id":"https:\/\/www.autofluid.fr\/#\/schema\/logo\/image\/","url":"https:\/\/www.autofluid.fr\/wp-content\/uploads\/2022\/04\/logo-autofluid-bleu.svg","contentUrl":"https:\/\/www.autofluid.fr\/wp-content\/uploads\/2022\/04\/logo-autofluid-bleu.svg","width":172,"height":29,"caption":"AUTOFLUID"},"image":{"@id":"https:\/\/www.autofluid.fr\/#\/schema\/logo\/image\/"}}]}},"_links":{"self":[{"href":"https:\/\/www.autofluid.fr\/en\/wp-json\/wp\/v2\/pages\/10896","targetHints":{"allow":["GET"]}}],"collection":[{"href":"https:\/\/www.autofluid.fr\/en\/wp-json\/wp\/v2\/pages"}],"about":[{"href":"https:\/\/www.autofluid.fr\/en\/wp-json\/wp\/v2\/types\/page"}],"author":[{"embeddable":true,"href":"https:\/\/www.autofluid.fr\/en\/wp-json\/wp\/v2\/users\/1"}],"replies":[{"embeddable":true,"href":"https:\/\/www.autofluid.fr\/en\/wp-json\/wp\/v2\/comments?post=10896"}],"version-history":[{"count":5,"href":"https:\/\/www.autofluid.fr\/en\/wp-json\/wp\/v2\/pages\/10896\/revisions"}],"predecessor-version":[{"id":19915,"href":"https:\/\/www.autofluid.fr\/en\/wp-json\/wp\/v2\/pages\/10896\/revisions\/19915"}],"wp:featuredmedia":[{"embeddable":true,"href":"https:\/\/www.autofluid.fr\/en\/wp-json\/wp\/v2\/media\/6677"}],"wp:attachment":[{"href":"https:\/\/www.autofluid.fr\/en\/wp-json\/wp\/v2\/media?parent=10896"}],"curies":[{"name":"wp","href":"https:\/\/api.w.org\/{rel}","templated":true}]}}