{"id":9241,"date":"2023-01-20T09:34:29","date_gmt":"2023-01-20T08:34:29","guid":{"rendered":"https:\/\/www.autofluid.fr\/video-manuel"},"modified":"2023-04-03T13:01:30","modified_gmt":"2023-04-03T11:01:30","slug":"video-manuel","status":"publish","type":"page","link":"https:\/\/www.autofluid.fr\/en\/video-manuel\/","title":{"rendered":"Vid\u00e9o manuel"},"content":{"rendered":"\t\t<div data-elementor-type=\"wp-page\" data-elementor-id=\"9241\" class=\"elementor elementor-9241 elementor-9225\" data-elementor-post-type=\"page\">\n\t\t\t\t\t\t<section class=\"elementor-section elementor-top-section elementor-element elementor-element-5b59a67 elementor-section-boxed elementor-section-height-default elementor-section-height-default\" data-id=\"5b59a67\" data-element_type=\"section\" data-e-type=\"section\">\n\t\t\t\t\t\t<div class=\"elementor-container elementor-column-gap-default\">\n\t\t\t\t\t<div class=\"elementor-column elementor-col-100 elementor-top-column elementor-element elementor-element-bd9af36\" data-id=\"bd9af36\" data-element_type=\"column\" data-e-type=\"column\">\n\t\t\t<div class=\"elementor-widget-wrap elementor-element-populated\">\n\t\t\t\t\t\t<div class=\"elementor-element elementor-element-cee6e21 elementor-widget elementor-widget-video_manuel\" data-id=\"cee6e21\" data-element_type=\"widget\" data-e-type=\"widget\" data-widget_type=\"video_manuel.default\">\n\t\t\t\t<div class=\"elementor-widget-container\">\n\t\t\t\t\t<div class=\"video-manuel-widget\">\n            <p>There was an error displaying the video. <a href=\"javascript:history.back()\">Back<\/a><\/p>\n    \n<\/div>\n\n\t\t\t\t<\/div>\n\t\t\t\t<\/div>\n\t\t\t\t\t<\/div>\n\t\t<\/div>\n\t\t\t\t\t<\/div>\n\t\t<\/section>\n\t\t\t\t<\/div>\n\t\t","protected":false},"excerpt":{"rendered":"<p>Il y a eu une erreur sur l&#8217;affichage de la vid\u00e9o. Revenir en arri\u00e8re<\/p>\n","protected":false},"author":1,"featured_media":0,"parent":0,"menu_order":0,"comment_status":"closed","ping_status":"closed","template":"","meta":{"_acf_changed":false,"inline_featured_image":false,"footnotes":""},"class_list":["post-9241","page","type-page","status-publish","hentry"],"acf":[],"yoast_head":"<!-- This site is optimized with the Yoast SEO plugin v27.3 - https:\/\/yoast.com\/product\/yoast-seo-wordpress\/ -->\n<title>Vid\u00e9o manuel - AUTOFLUID<\/title>\n<meta name=\"robots\" content=\"noindex, nofollow\" \/>\n<meta property=\"og:locale\" content=\"en_US\" \/>\n<meta property=\"og:type\" content=\"article\" \/>\n<meta property=\"og:title\" content=\"Vid\u00e9o manuel - AUTOFLUID\" \/>\n<meta property=\"og:description\" content=\"Il y a eu une erreur sur l&#8217;affichage de la vid\u00e9o. Revenir en arri\u00e8re\" \/>\n<meta property=\"og:url\" content=\"https:\/\/www.autofluid.fr\/en\/video-manuel\/\" \/>\n<meta property=\"og:site_name\" content=\"AUTOFLUID\" \/>\n<meta property=\"article:modified_time\" content=\"2023-04-03T11:01:30+00:00\" \/>\n<meta name=\"twitter:card\" content=\"summary_large_image\" \/>\n<meta name=\"twitter:label1\" content=\"Est. reading time\" \/>\n\t<meta name=\"twitter:data1\" content=\"1 minute\" \/>\n<script type=\"application\/ld+json\" class=\"yoast-schema-graph\">{\"@context\":\"https:\\\/\\\/schema.org\",\"@graph\":[{\"@type\":\"WebPage\",\"@id\":\"https:\\\/\\\/www.autofluid.fr\\\/en\\\/video-manuel\\\/\",\"url\":\"https:\\\/\\\/www.autofluid.fr\\\/en\\\/video-manuel\\\/\",\"name\":\"Vid\u00e9o manuel - AUTOFLUID\",\"isPartOf\":{\"@id\":\"https:\\\/\\\/www.autofluid.fr\\\/#website\"},\"datePublished\":\"2023-01-20T08:34:29+00:00\",\"dateModified\":\"2023-04-03T11:01:30+00:00\",\"inLanguage\":\"en-US\",\"potentialAction\":[{\"@type\":\"ReadAction\",\"target\":[\"https:\\\/\\\/www.autofluid.fr\\\/en\\\/video-manuel\\\/\"]}]},{\"@type\":\"WebSite\",\"@id\":\"https:\\\/\\\/www.autofluid.fr\\\/#website\",\"url\":\"https:\\\/\\\/www.autofluid.fr\\\/\",\"name\":\"AUTOFLUID\",\"description\":\"Le logiciel de conception et dessin 2D et 3D des professionnels des fluides CVC et sanitaires\",\"publisher\":{\"@id\":\"https:\\\/\\\/www.autofluid.fr\\\/#organization\"},\"potentialAction\":[{\"@type\":\"SearchAction\",\"target\":{\"@type\":\"EntryPoint\",\"urlTemplate\":\"https:\\\/\\\/www.autofluid.fr\\\/?s={search_term_string}\"},\"query-input\":{\"@type\":\"PropertyValueSpecification\",\"valueRequired\":true,\"valueName\":\"search_term_string\"}}],\"inLanguage\":\"en-US\"},{\"@type\":\"Organization\",\"@id\":\"https:\\\/\\\/www.autofluid.fr\\\/#organization\",\"name\":\"AUTOFLUID\",\"url\":\"https:\\\/\\\/www.autofluid.fr\\\/\",\"logo\":{\"@type\":\"ImageObject\",\"inLanguage\":\"en-US\",\"@id\":\"https:\\\/\\\/www.autofluid.fr\\\/#\\\/schema\\\/logo\\\/image\\\/\",\"url\":\"https:\\\/\\\/www.autofluid.fr\\\/wp-content\\\/uploads\\\/2022\\\/04\\\/logo-autofluid-bleu.svg\",\"contentUrl\":\"https:\\\/\\\/www.autofluid.fr\\\/wp-content\\\/uploads\\\/2022\\\/04\\\/logo-autofluid-bleu.svg\",\"width\":172,\"height\":29,\"caption\":\"AUTOFLUID\"},\"image\":{\"@id\":\"https:\\\/\\\/www.autofluid.fr\\\/#\\\/schema\\\/logo\\\/image\\\/\"}}]}<\/script>\n<!-- \/ Yoast SEO plugin. -->","yoast_head_json":{"title":"Vid\u00e9o manuel - AUTOFLUID","robots":{"index":"noindex","follow":"nofollow"},"og_locale":"en_US","og_type":"article","og_title":"Vid\u00e9o manuel - AUTOFLUID","og_description":"Il y a eu une erreur sur l&#8217;affichage de la vid\u00e9o. Revenir en arri\u00e8re","og_url":"https:\/\/www.autofluid.fr\/en\/video-manuel\/","og_site_name":"AUTOFLUID","article_modified_time":"2023-04-03T11:01:30+00:00","twitter_card":"summary_large_image","twitter_misc":{"Est. reading time":"1 minute"},"schema":{"@context":"https:\/\/schema.org","@graph":[{"@type":"WebPage","@id":"https:\/\/www.autofluid.fr\/en\/video-manuel\/","url":"https:\/\/www.autofluid.fr\/en\/video-manuel\/","name":"Vid\u00e9o manuel - AUTOFLUID","isPartOf":{"@id":"https:\/\/www.autofluid.fr\/#website"},"datePublished":"2023-01-20T08:34:29+00:00","dateModified":"2023-04-03T11:01:30+00:00","inLanguage":"en-US","potentialAction":[{"@type":"ReadAction","target":["https:\/\/www.autofluid.fr\/en\/video-manuel\/"]}]},{"@type":"WebSite","@id":"https:\/\/www.autofluid.fr\/#website","url":"https:\/\/www.autofluid.fr\/","name":"AUTOFLUID","description":"Le logiciel de conception et dessin 2D et 3D des professionnels des fluides CVC et sanitaires","publisher":{"@id":"https:\/\/www.autofluid.fr\/#organization"},"potentialAction":[{"@type":"SearchAction","target":{"@type":"EntryPoint","urlTemplate":"https:\/\/www.autofluid.fr\/?s={search_term_string}"},"query-input":{"@type":"PropertyValueSpecification","valueRequired":true,"valueName":"search_term_string"}}],"inLanguage":"en-US"},{"@type":"Organization","@id":"https:\/\/www.autofluid.fr\/#organization","name":"AUTOFLUID","url":"https:\/\/www.autofluid.fr\/","logo":{"@type":"ImageObject","inLanguage":"en-US","@id":"https:\/\/www.autofluid.fr\/#\/schema\/logo\/image\/","url":"https:\/\/www.autofluid.fr\/wp-content\/uploads\/2022\/04\/logo-autofluid-bleu.svg","contentUrl":"https:\/\/www.autofluid.fr\/wp-content\/uploads\/2022\/04\/logo-autofluid-bleu.svg","width":172,"height":29,"caption":"AUTOFLUID"},"image":{"@id":"https:\/\/www.autofluid.fr\/#\/schema\/logo\/image\/"}}]}},"_links":{"self":[{"href":"https:\/\/www.autofluid.fr\/en\/wp-json\/wp\/v2\/pages\/9241","targetHints":{"allow":["GET"]}}],"collection":[{"href":"https:\/\/www.autofluid.fr\/en\/wp-json\/wp\/v2\/pages"}],"about":[{"href":"https:\/\/www.autofluid.fr\/en\/wp-json\/wp\/v2\/types\/page"}],"author":[{"embeddable":true,"href":"https:\/\/www.autofluid.fr\/en\/wp-json\/wp\/v2\/users\/1"}],"replies":[{"embeddable":true,"href":"https:\/\/www.autofluid.fr\/en\/wp-json\/wp\/v2\/comments?post=9241"}],"version-history":[{"count":3,"href":"https:\/\/www.autofluid.fr\/en\/wp-json\/wp\/v2\/pages\/9241\/revisions"}],"predecessor-version":[{"id":19905,"href":"https:\/\/www.autofluid.fr\/en\/wp-json\/wp\/v2\/pages\/9241\/revisions\/19905"}],"wp:attachment":[{"href":"https:\/\/www.autofluid.fr\/en\/wp-json\/wp\/v2\/media?parent=9241"}],"curies":[{"name":"wp","href":"https:\/\/api.w.org\/{rel}","templated":true}]}}