{"id":10387,"date":"2023-03-06T15:40:40","date_gmt":"2023-03-06T14:40:40","guid":{"rendered":"https:\/\/www.autofluid.fr\/cgu"},"modified":"2024-06-20T14:48:08","modified_gmt":"2024-06-20T12:48:08","slug":"cgu","status":"publish","type":"page","link":"https:\/\/www.autofluid.fr\/it\/cgu\/","title":{"rendered":"CGU"},"content":{"rendered":"\t\t<div data-elementor-type=\"wp-page\" data-elementor-id=\"10387\" class=\"elementor elementor-10387 elementor-9927\" data-elementor-post-type=\"page\">\n\t\t\t\t\t\t<section class=\"elementor-section elementor-top-section elementor-element elementor-element-3b19d35d ik_privacy_policy elementor-section-boxed elementor-section-height-default elementor-section-height-default\" data-id=\"3b19d35d\" data-element_type=\"section\" data-e-type=\"section\">\n\t\t\t\t\t\t<div class=\"elementor-container elementor-column-gap-default\">\n\t\t\t\t\t<div class=\"elementor-column elementor-col-100 elementor-top-column elementor-element elementor-element-1213c637 ik_politiques_confidentialite\" data-id=\"1213c637\" data-element_type=\"column\" data-e-type=\"column\">\n\t\t\t<div class=\"elementor-widget-wrap elementor-element-populated\">\n\t\t\t\t\t\t<div class=\"elementor-element elementor-element-3fdaf2a5 ml-rgpd elementor-widget elementor-widget-text-editor\" data-id=\"3fdaf2a5\" data-element_type=\"widget\" data-e-type=\"widget\" data-widget_type=\"text-editor.default\">\n\t\t\t\t<div class=\"elementor-widget-container\">\n\t\t\t\t\t\t\t\t\t<h1>Condizioni generali di utilizzo del sito web AUTOFLUID.FR<\/h1><p>Lo scopo del presente documento \u00e8 quello di definire i termini e le condizioni in base ai quali Traceocad, di seguito denominato EDITORE, mette a disposizione dei propri utenti il sito e i servizi disponibili sul sito, nonch\u00e9 le modalit\u00e0 di accesso al sito e di utilizzo dei servizi da parte dell&#8217;utente.<\/p><p>Tutti i collegamenti al sito sono soggetti al rispetto di queste condizioni.<\/p><p>Per l&#8217;utente, il semplice accesso al SITO WEB dell&#8217;EDITORE al seguente indirizzo URL www.autofluid.fr implica l&#8217;accettazione di tutte le condizioni descritte di seguito.<\/p><h2>Propriet\u00e0 intellettuale<\/h2><p>La struttura generale del sito www.autofluid.fr, cos\u00ec come i testi, la grafica, le immagini, i suoni e i video che lo compongono, sono di propriet\u00e0 dell&#8217;editore o dei suoi partner. Qualsiasi rappresentazione e\/o riproduzione e\/o utilizzo, parziale o totale, dei contenuti e dei servizi offerti dal sito www.autofluid.fr, con qualsiasi procedimento, senza la preventiva autorizzazione scritta di Trac\u00e9ocad \u00e8 severamente vietata e pu\u00f2 costituire una violazione del diritto d&#8217;autore ai sensi degli articoli L 335-2 e seguenti del Codice della propriet\u00e0 intellettuale francese.<\/p><h2>Collegamenti ipertestuali<\/h2><p>Il sito www.autofluid.fr pu\u00f2 contenere collegamenti ipertestuali ad altri siti Internet. I link a queste altre risorse vi porteranno fuori dal sito www.autofluid.fr. \u00c8 possibile creare un link alla pagina di presentazione di questo sito senza l&#8217;espressa autorizzazione dell&#8217;EDITORE.<\/p><p>L&#8217;EDITORE non pu\u00f2 richiedere alcuna autorizzazione o richiesta di informazioni preliminari per un sito che desideri creare un link al sito dell&#8217;EDITORE. Tuttavia, \u00e8 consigliabile visualizzare il sito in una nuova finestra del browser. L&#8217;EDITORE si riserva comunque il diritto di richiedere la rimozione di qualsiasi link che ritenga non coerente con lo scopo del sito www.autofluid.fr.<\/p><h2>Responsabilit\u00e0 dell&#8217;editore<\/h2><p>Le informazioni e\/o i documenti che compaiono su questo sito e\/o sono accessibili tramite questo sito provengono da fonti considerate affidabili.<\/p><p>Tuttavia, queste informazioni e\/o documentazione possono contenere imprecisioni tecniche ed errori tipografici.<\/p><p>L&#8217;EDITORE si riserva il diritto di correggerli, non appena tali errori saranno portati a sua conoscenza.<\/p><p>Si consiglia vivamente di verificare l&#8217;accuratezza e la pertinenza delle informazioni e\/o dei documenti resi disponibili su questo sito.<\/p><p>Le informazioni e\/o i documenti disponibili su questo sito possono essere modificati in qualsiasi momento e possono essere stati aggiornati. In particolare, possono essere state aggiornate tra il momento in cui sono state scaricate e quello in cui l&#8217;utente ne \u00e8 venuto a conoscenza.<\/p><p>L&#8217;utilizzo delle informazioni e\/o dei documenti disponibili su questo sito avviene sotto l&#8217;intera e unica responsabilit\u00e0 dell&#8217;utente, che si assume la totalit\u00e0 delle conseguenze che ne possono derivare, senza che l&#8217;EDITORE possa essere chiamato in causa per questo motivo, e senza possibilit\u00e0 di rivalsa nei confronti di quest&#8217;ultimo.<\/p><p>L&#8217;EDITORE non pu\u00f2 essere ritenuto responsabile di eventuali danni di qualsiasi natura derivanti dall&#8217;interpretazione o dall&#8217;utilizzo delle informazioni e\/o dei documenti disponibili su questo sito.<\/p><h2>Accesso al sito<\/h2><p>L&#8217;EDITORE si impegna a consentire l&#8217;accesso al sito 24 ore su 24, 7 giorni su 7, salvo casi di forza maggiore o eventi al di fuori del controllo dell&#8217;EDITORE, e fatti salvi i guasti e le operazioni di manutenzione necessari per il corretto funzionamento del sito e dei servizi.<\/p><p>Di conseguenza, l&#8217;EDITORE non pu\u00f2 garantire la disponibilit\u00e0 del sito e\/o dei servizi, l&#8217;affidabilit\u00e0 delle trasmissioni e delle prestazioni in termini di tempo di risposta o di qualit\u00e0. Non \u00e8 prevista alcuna assistenza tecnica nei confronti dell&#8217;utente che sia per via elettronica o telefonica.<\/p><p>L&#8217;editore non pu\u00f2 essere ritenuto responsabile in caso di impossibilit\u00e0 di accesso al sito e\/o di utilizzo dei servizi.<br \/>Inoltre, l&#8217;EDITORE pu\u00f2 essere portato a interrompere il sito o una parte dei servizi, in qualsiasi momento senza preavviso, il tutto senza diritto a risarcimenti. L&#8217;utente riconosce e accetta che l&#8217;EDITORE non \u00e8 responsabile delle interruzioni e delle conseguenze che ne possono derivare per l&#8217;utente o per terzi.<\/p><h2>Modifica delle condizioni di utilizzo<\/h2><p>L&#8217;EDITORE si riserva il diritto di modificare, in qualsiasi momento e senza preavviso, le presenti condizioni d&#8217;uso per adeguarle all&#8217;evoluzione del sito e\/o del suo funzionamento.<\/p><h2>Regole per l&#8217;utilizzo di Internet<\/h2><p>L&#8217;utente dichiara di accettare le caratteristiche e i limiti di Internet, e in particolare riconosce che :<br \/>L&#8217;EDITORE non si assume alcuna responsabilit\u00e0 sui servizi accessibili via Internet e non esercita alcuna forma di controllo sulla natura e sulle caratteristiche dei dati che potrebbero transitare sul suo server centrale.<br \/><br \/>L&#8217;utente riconosce che i dati che circolano su Internet non sono protetti, in particolare contro eventuali appropriazioni indebite. La presenza del logo Trac\u00e9ocad costituisce una semplice presunzione di validit\u00e0. La comunicazione di qualsiasi informazione ritenuta dall&#8217;utente di natura sensibile o confidenziale avviene a rischio e pericolo dell&#8217;utente stesso.<br \/><br \/>L&#8217;utente riconosce che i dati che circolano su Internet possono essere regolamentati in termini di utilizzo o protetti da diritti di propriet\u00e0.<br \/>Gli utenti sono gli unici responsabili dell&#8217;uso dei dati che consultano, interrogano e trasferiscono su Internet.<br \/><br \/>L&#8217;utente riconosce che l&#8217;EDITORE non ha alcun mezzo per controllare il contenuto dei servizi accessibili su Internet.<\/p><h2>Legge applicabile<\/h2><p>Sia questo sito che i termini e le condizioni del suo utilizzo sono regolati dalla legge francese, indipendentemente dal luogo di utilizzo. In caso di controversia, e dopo che tutti i tentativi di trovare una soluzione amichevole sono falliti, i tribunali francesi avranno la competenza esclusiva di conoscere la controversia.<br \/>In caso di domande su questi termini e condizioni d&#8217;uso del sito, potete scriverci al seguente indirizzo:<br \/><br \/>SAS TRACEOCAD \u2013 1544, chemin de la Rose \u2013 13100 Aix en Provence &#8211; FRANCE.<\/p>\t\t\t\t\t\t\t\t<\/div>\n\t\t\t\t<\/div>\n\t\t\t\t\t<\/div>\n\t\t<\/div>\n\t\t\t\t\t<\/div>\n\t\t<\/section>\n\t\t\t\t<\/div>\n\t\t","protected":false},"excerpt":{"rendered":"<p>Condizioni generali di utilizzo del sito web AUTOFLUID.FR Lo scopo del presente documento \u00e8 quello di definire i termini e le condizioni in base ai quali Traceocad, di seguito denominato EDITORE, mette a disposizione dei propri utenti il sito e i servizi disponibili sul sito, nonch\u00e9 le modalit\u00e0 di accesso al sito e di utilizzo [&hellip;]<\/p>\n","protected":false},"author":1,"featured_media":6678,"parent":0,"menu_order":0,"comment_status":"closed","ping_status":"closed","template":"","meta":{"_acf_changed":false,"inline_featured_image":false,"footnotes":""},"class_list":["post-10387","page","type-page","status-publish","has-post-thumbnail","hentry"],"acf":[],"yoast_head":"<!-- This site is optimized with the Yoast SEO plugin v27.3 - https:\/\/yoast.com\/product\/yoast-seo-wordpress\/ -->\n<title>Condizioni generali di utilizzo | AUTOFLUID<\/title>\n<meta name=\"description\" content=\"Consultate le politiche sulla privacy del nostro sito web Autofluid. Avete domande? Non esitate a contattarci.\" \/>\n<meta name=\"robots\" content=\"index, follow, max-snippet:-1, max-image-preview:large, max-video-preview:-1\" \/>\n<link rel=\"canonical\" href=\"https:\/\/www.autofluid.fr\/it\/cgu\/\" \/>\n<meta property=\"og:locale\" content=\"it_IT\" \/>\n<meta property=\"og:type\" content=\"article\" \/>\n<meta property=\"og:title\" content=\"Condizioni generali di utilizzo | AUTOFLUID\" \/>\n<meta property=\"og:description\" content=\"Consultate le politiche sulla privacy del nostro sito web Autofluid. Avete domande? Non esitate a contattarci.\" \/>\n<meta property=\"og:url\" content=\"https:\/\/www.autofluid.fr\/it\/cgu\/\" \/>\n<meta property=\"og:site_name\" content=\"AUTOFLUID\" \/>\n<meta property=\"article:modified_time\" content=\"2024-06-20T12:48:08+00:00\" \/>\n<meta property=\"og:image\" content=\"https:\/\/www.autofluid.fr\/wp-content\/uploads\/2022\/04\/formule-abonnement-autofluid-scaled.jpg\" \/>\n\t<meta property=\"og:image:width\" content=\"2560\" \/>\n\t<meta property=\"og:image:height\" content=\"738\" \/>\n\t<meta property=\"og:image:type\" content=\"image\/jpeg\" \/>\n<meta name=\"twitter:card\" content=\"summary_large_image\" \/>\n<meta name=\"twitter:label1\" content=\"Tempo di lettura stimato\" \/>\n\t<meta name=\"twitter:data1\" content=\"5 minuti\" \/>\n<script type=\"application\/ld+json\" class=\"yoast-schema-graph\">{\"@context\":\"https:\\\/\\\/schema.org\",\"@graph\":[{\"@type\":\"WebPage\",\"@id\":\"https:\\\/\\\/www.autofluid.fr\\\/it\\\/cgu\\\/\",\"url\":\"https:\\\/\\\/www.autofluid.fr\\\/it\\\/cgu\\\/\",\"name\":\"Condizioni generali di utilizzo | AUTOFLUID\",\"isPartOf\":{\"@id\":\"https:\\\/\\\/www.autofluid.fr\\\/#website\"},\"primaryImageOfPage\":{\"@id\":\"https:\\\/\\\/www.autofluid.fr\\\/it\\\/cgu\\\/#primaryimage\"},\"image\":{\"@id\":\"https:\\\/\\\/www.autofluid.fr\\\/it\\\/cgu\\\/#primaryimage\"},\"thumbnailUrl\":\"https:\\\/\\\/www.autofluid.fr\\\/wp-content\\\/uploads\\\/2022\\\/04\\\/formule-abonnement-autofluid-scaled.jpg\",\"datePublished\":\"2023-03-06T14:40:40+00:00\",\"dateModified\":\"2024-06-20T12:48:08+00:00\",\"description\":\"Consultate le politiche sulla privacy del nostro sito web Autofluid. Avete domande? Non esitate a contattarci.\",\"inLanguage\":\"it-IT\",\"potentialAction\":[{\"@type\":\"ReadAction\",\"target\":[\"https:\\\/\\\/www.autofluid.fr\\\/it\\\/cgu\\\/\"]}]},{\"@type\":\"ImageObject\",\"inLanguage\":\"it-IT\",\"@id\":\"https:\\\/\\\/www.autofluid.fr\\\/it\\\/cgu\\\/#primaryimage\",\"url\":\"https:\\\/\\\/www.autofluid.fr\\\/wp-content\\\/uploads\\\/2022\\\/04\\\/formule-abonnement-autofluid-scaled.jpg\",\"contentUrl\":\"https:\\\/\\\/www.autofluid.fr\\\/wp-content\\\/uploads\\\/2022\\\/04\\\/formule-abonnement-autofluid-scaled.jpg\",\"width\":2560,\"height\":738,\"caption\":\"logo de la suite Autofluid\"},{\"@type\":\"WebSite\",\"@id\":\"https:\\\/\\\/www.autofluid.fr\\\/#website\",\"url\":\"https:\\\/\\\/www.autofluid.fr\\\/\",\"name\":\"AUTOFLUID\",\"description\":\"Le logiciel de conception et dessin 2D et 3D des professionnels des fluides CVC et sanitaires\",\"publisher\":{\"@id\":\"https:\\\/\\\/www.autofluid.fr\\\/#organization\"},\"potentialAction\":[{\"@type\":\"SearchAction\",\"target\":{\"@type\":\"EntryPoint\",\"urlTemplate\":\"https:\\\/\\\/www.autofluid.fr\\\/?s={search_term_string}\"},\"query-input\":{\"@type\":\"PropertyValueSpecification\",\"valueRequired\":true,\"valueName\":\"search_term_string\"}}],\"inLanguage\":\"it-IT\"},{\"@type\":\"Organization\",\"@id\":\"https:\\\/\\\/www.autofluid.fr\\\/#organization\",\"name\":\"AUTOFLUID\",\"url\":\"https:\\\/\\\/www.autofluid.fr\\\/\",\"logo\":{\"@type\":\"ImageObject\",\"inLanguage\":\"it-IT\",\"@id\":\"https:\\\/\\\/www.autofluid.fr\\\/#\\\/schema\\\/logo\\\/image\\\/\",\"url\":\"https:\\\/\\\/www.autofluid.fr\\\/wp-content\\\/uploads\\\/2022\\\/04\\\/logo-autofluid-bleu.svg\",\"contentUrl\":\"https:\\\/\\\/www.autofluid.fr\\\/wp-content\\\/uploads\\\/2022\\\/04\\\/logo-autofluid-bleu.svg\",\"width\":172,\"height\":29,\"caption\":\"AUTOFLUID\"},\"image\":{\"@id\":\"https:\\\/\\\/www.autofluid.fr\\\/#\\\/schema\\\/logo\\\/image\\\/\"}}]}<\/script>\n<!-- \/ Yoast SEO plugin. -->","yoast_head_json":{"title":"Condizioni generali di utilizzo | AUTOFLUID","description":"Consultate le politiche sulla privacy del nostro sito web Autofluid. Avete domande? Non esitate a contattarci.","robots":{"index":"index","follow":"follow","max-snippet":"max-snippet:-1","max-image-preview":"max-image-preview:large","max-video-preview":"max-video-preview:-1"},"canonical":"https:\/\/www.autofluid.fr\/it\/cgu\/","og_locale":"it_IT","og_type":"article","og_title":"Condizioni generali di utilizzo | AUTOFLUID","og_description":"Consultate le politiche sulla privacy del nostro sito web Autofluid. Avete domande? Non esitate a contattarci.","og_url":"https:\/\/www.autofluid.fr\/it\/cgu\/","og_site_name":"AUTOFLUID","article_modified_time":"2024-06-20T12:48:08+00:00","og_image":[{"width":2560,"height":738,"url":"https:\/\/www.autofluid.fr\/wp-content\/uploads\/2022\/04\/formule-abonnement-autofluid-scaled.jpg","type":"image\/jpeg"}],"twitter_card":"summary_large_image","twitter_misc":{"Tempo di lettura stimato":"5 minuti"},"schema":{"@context":"https:\/\/schema.org","@graph":[{"@type":"WebPage","@id":"https:\/\/www.autofluid.fr\/it\/cgu\/","url":"https:\/\/www.autofluid.fr\/it\/cgu\/","name":"Condizioni generali di utilizzo | AUTOFLUID","isPartOf":{"@id":"https:\/\/www.autofluid.fr\/#website"},"primaryImageOfPage":{"@id":"https:\/\/www.autofluid.fr\/it\/cgu\/#primaryimage"},"image":{"@id":"https:\/\/www.autofluid.fr\/it\/cgu\/#primaryimage"},"thumbnailUrl":"https:\/\/www.autofluid.fr\/wp-content\/uploads\/2022\/04\/formule-abonnement-autofluid-scaled.jpg","datePublished":"2023-03-06T14:40:40+00:00","dateModified":"2024-06-20T12:48:08+00:00","description":"Consultate le politiche sulla privacy del nostro sito web Autofluid. Avete domande? Non esitate a contattarci.","inLanguage":"it-IT","potentialAction":[{"@type":"ReadAction","target":["https:\/\/www.autofluid.fr\/it\/cgu\/"]}]},{"@type":"ImageObject","inLanguage":"it-IT","@id":"https:\/\/www.autofluid.fr\/it\/cgu\/#primaryimage","url":"https:\/\/www.autofluid.fr\/wp-content\/uploads\/2022\/04\/formule-abonnement-autofluid-scaled.jpg","contentUrl":"https:\/\/www.autofluid.fr\/wp-content\/uploads\/2022\/04\/formule-abonnement-autofluid-scaled.jpg","width":2560,"height":738,"caption":"logo de la suite Autofluid"},{"@type":"WebSite","@id":"https:\/\/www.autofluid.fr\/#website","url":"https:\/\/www.autofluid.fr\/","name":"AUTOFLUID","description":"Le logiciel de conception et dessin 2D et 3D des professionnels des fluides CVC et sanitaires","publisher":{"@id":"https:\/\/www.autofluid.fr\/#organization"},"potentialAction":[{"@type":"SearchAction","target":{"@type":"EntryPoint","urlTemplate":"https:\/\/www.autofluid.fr\/?s={search_term_string}"},"query-input":{"@type":"PropertyValueSpecification","valueRequired":true,"valueName":"search_term_string"}}],"inLanguage":"it-IT"},{"@type":"Organization","@id":"https:\/\/www.autofluid.fr\/#organization","name":"AUTOFLUID","url":"https:\/\/www.autofluid.fr\/","logo":{"@type":"ImageObject","inLanguage":"it-IT","@id":"https:\/\/www.autofluid.fr\/#\/schema\/logo\/image\/","url":"https:\/\/www.autofluid.fr\/wp-content\/uploads\/2022\/04\/logo-autofluid-bleu.svg","contentUrl":"https:\/\/www.autofluid.fr\/wp-content\/uploads\/2022\/04\/logo-autofluid-bleu.svg","width":172,"height":29,"caption":"AUTOFLUID"},"image":{"@id":"https:\/\/www.autofluid.fr\/#\/schema\/logo\/image\/"}}]}},"_links":{"self":[{"href":"https:\/\/www.autofluid.fr\/it\/wp-json\/wp\/v2\/pages\/10387","targetHints":{"allow":["GET"]}}],"collection":[{"href":"https:\/\/www.autofluid.fr\/it\/wp-json\/wp\/v2\/pages"}],"about":[{"href":"https:\/\/www.autofluid.fr\/it\/wp-json\/wp\/v2\/types\/page"}],"author":[{"embeddable":true,"href":"https:\/\/www.autofluid.fr\/it\/wp-json\/wp\/v2\/users\/1"}],"replies":[{"embeddable":true,"href":"https:\/\/www.autofluid.fr\/it\/wp-json\/wp\/v2\/comments?post=10387"}],"version-history":[{"count":5,"href":"https:\/\/www.autofluid.fr\/it\/wp-json\/wp\/v2\/pages\/10387\/revisions"}],"predecessor-version":[{"id":19850,"href":"https:\/\/www.autofluid.fr\/it\/wp-json\/wp\/v2\/pages\/10387\/revisions\/19850"}],"wp:featuredmedia":[{"embeddable":true,"href":"https:\/\/www.autofluid.fr\/it\/wp-json\/wp\/v2\/media\/6678"}],"wp:attachment":[{"href":"https:\/\/www.autofluid.fr\/it\/wp-json\/wp\/v2\/media?parent=10387"}],"curies":[{"name":"wp","href":"https:\/\/api.w.org\/{rel}","templated":true}]}}