{"id":14150,"date":"2022-04-28T16:51:48","date_gmt":"2022-04-28T14:51:48","guid":{"rendered":"https:\/\/www.autofluid.fr\/logiciels-cad-compatibles"},"modified":"2026-04-27T15:22:33","modified_gmt":"2026-04-27T13:22:33","slug":"software-cad-compatibili","status":"publish","type":"page","link":"https:\/\/www.autofluid.fr\/it\/software-cad-compatibili\/","title":{"rendered":"Software CAD compatibili"},"content":{"rendered":"\t\t<div data-elementor-type=\"wp-page\" data-elementor-id=\"14150\" class=\"elementor elementor-14150 elementor-5311\" data-elementor-post-type=\"page\">\n\t\t\t\t\t\t<section class=\"elementor-section elementor-top-section elementor-element elementor-element-47e2291d cad-compatibles elementor-section-boxed elementor-section-height-default elementor-section-height-default\" data-id=\"47e2291d\" data-element_type=\"section\" data-e-type=\"section\" id=\"header-application\" data-settings=\"{&quot;background_background&quot;:&quot;classic&quot;}\">\n\t\t\t\t\t\t<div class=\"elementor-container elementor-column-gap-default\">\n\t\t\t\t\t<div class=\"elementor-column elementor-col-100 elementor-top-column elementor-element elementor-element-7f216b48\" data-id=\"7f216b48\" data-element_type=\"column\" data-e-type=\"column\">\n\t\t\t<div class=\"elementor-widget-wrap elementor-element-populated\">\n\t\t\t\t\t\t<div class=\"elementor-element elementor-element-dbea6cd minus-container elementor-widget elementor-widget-text-editor\" data-id=\"dbea6cd\" data-element_type=\"widget\" data-e-type=\"widget\" data-widget_type=\"text-editor.default\">\n\t\t\t\t<div class=\"elementor-widget-container\">\n\t\t\t\t\t\t\t\t\t<h1>I software CAD e 3D<br \/>con cui lavora AUTOFLUID<\/h1><h2><a class=\"ik-cta-principal attention\" href=\"mailto:info@athsoftware.it\">AVVISAMI SULLE NOVITA&#8217;<\/a><\/h2>\t\t\t\t\t\t\t\t<\/div>\n\t\t\t\t<\/div>\n\t\t\t\t\t<\/div>\n\t\t<\/div>\n\t\t\t\t\t<\/div>\n\t\t<\/section>\n\t\t\t\t<section class=\"elementor-section elementor-top-section elementor-element elementor-element-24babec minus-container elementor-section-boxed elementor-section-height-default elementor-section-height-default\" data-id=\"24babec\" data-element_type=\"section\" data-e-type=\"section\" id=\"logiciels-cad-utilisateur\">\n\t\t\t\t\t\t<div class=\"elementor-container elementor-column-gap-default\">\n\t\t\t\t\t<div class=\"elementor-column elementor-col-100 elementor-top-column elementor-element elementor-element-1b93fc8\" data-id=\"1b93fc8\" data-element_type=\"column\" data-e-type=\"column\">\n\t\t\t<div class=\"elementor-widget-wrap elementor-element-populated\">\n\t\t\t\t\t\t<div class=\"elementor-element elementor-element-1fbca97 elementor-widget elementor-widget-text-editor\" data-id=\"1fbca97\" data-element_type=\"widget\" data-e-type=\"widget\" data-widget_type=\"text-editor.default\">\n\t\t\t\t<div class=\"elementor-widget-container\">\n\t\t\t\t\t\t\t\t\t<h2>La piattaforma CAD (e la sua versione), \u00e8 compatibile con la versione di AUTOFLUID?<\/h2><p><strong>Verifica la compatibilit\u00e0 tra la tua piattaforma CAD e AUTOFLUID.<\/strong><\/p>\t\t\t\t\t\t\t\t<\/div>\n\t\t\t\t<\/div>\n\t\t\t\t<section class=\"elementor-section elementor-inner-section elementor-element elementor-element-f7e3d0f elementor-section-boxed elementor-section-height-default elementor-section-height-default\" data-id=\"f7e3d0f\" data-element_type=\"section\" data-e-type=\"section\">\n\t\t\t\t\t\t<div class=\"elementor-container elementor-column-gap-default\">\n\t\t\t\t\t<div class=\"elementor-column elementor-col-33 elementor-inner-column elementor-element elementor-element-4739202\" data-id=\"4739202\" data-element_type=\"column\" data-e-type=\"column\">\n\t\t\t<div class=\"elementor-widget-wrap elementor-element-populated\">\n\t\t\t\t\t\t<div class=\"elementor-element elementor-element-505cff7 elementor-widget elementor-widget-text-editor\" data-id=\"505cff7\" data-element_type=\"widget\" data-e-type=\"widget\" data-widget_type=\"text-editor.default\">\n\t\t\t\t<div class=\"elementor-widget-container\">\n\t\t\t\t\t\t\t\t\t<h3>AUTOFLUID INFINITY<\/h3><p><span data-sheets-formula-bar-text-style=\"font-size:15px;color:#000000;font-weight:normal;text-decoration:none;font-family:'docs-Calibri';font-style:normal;text-decoration-skip-ink:none;\">Licenza a noleggio<\/span><\/p><p class=\"verifiez\"><a href=\"https:\/\/www.autofluid.fr\/medias\/download-IT\/AF_INFINITY_Documentation\/Compatibilite_AUTOFLUID_INFINITY-CAD_IT.pdf\" target=\"_blank\" rel=\"noopener\"><span style=\"text-decoration: underline;\">Tabella di compatibilit\u00e0 del CAD<\/span><\/a><\/p>\t\t\t\t\t\t\t\t<\/div>\n\t\t\t\t<\/div>\n\t\t\t\t\t<\/div>\n\t\t<\/div>\n\t\t\t\t<div class=\"elementor-column elementor-col-33 elementor-inner-column elementor-element elementor-element-5f96827\" data-id=\"5f96827\" data-element_type=\"column\" data-e-type=\"column\">\n\t\t\t<div class=\"elementor-widget-wrap elementor-element-populated\">\n\t\t\t\t\t\t<div class=\"elementor-element elementor-element-22a675c content elementor-widget elementor-widget-text-editor\" data-id=\"22a675c\" data-element_type=\"widget\" data-e-type=\"widget\" data-widget_type=\"text-editor.default\">\n\t\t\t\t<div class=\"elementor-widget-container\">\n\t\t\t\t\t\t\t\t\t<h3>AUTOFLUID 11<strong><br \/><\/strong><\/h3><p><span class=\"span\"><span data-sheets-formula-bar-text-style=\"font-size:15px;color:#000000;font-weight:normal;text-decoration:none;font-family:'docs-Calibri';font-style:normal;text-decoration-skip-ink:none;\">Licenza perpetua<\/span><\/span><\/p><p class=\"verifiez\"><a href=\"https:\/\/www.autofluid.fr\/medias\/download-IT\/AF_11_Documentation\/Compatibilite_AUTOFLUID_11_CAD-BIM_IT.pdf\" target=\"_blank\" rel=\"noopener\"><span style=\"text-decoration: underline;\">Tabella di compatibilit\u00e0 del CAD<\/span><\/a><\/p>\t\t\t\t\t\t\t\t<\/div>\n\t\t\t\t<\/div>\n\t\t\t\t\t<\/div>\n\t\t<\/div>\n\t\t\t\t<div class=\"elementor-column elementor-col-33 elementor-inner-column elementor-element elementor-element-3a5ff43\" data-id=\"3a5ff43\" data-element_type=\"column\" data-e-type=\"column\">\n\t\t\t<div class=\"elementor-widget-wrap elementor-element-populated\">\n\t\t\t\t\t\t\t<\/div>\n\t\t<\/div>\n\t\t\t\t\t<\/div>\n\t\t<\/section>\n\t\t\t\t<div class=\"elementor-element elementor-element-cf99c22 elementor-widget elementor-widget-menu-anchor\" data-id=\"cf99c22\" data-element_type=\"widget\" data-e-type=\"widget\" data-widget_type=\"menu-anchor.default\">\n\t\t\t\t<div class=\"elementor-widget-container\">\n\t\t\t\t\t\t\t<div class=\"elementor-menu-anchor\" id=\"quale-versione-cad\"><\/div>\n\t\t\t\t\t\t<\/div>\n\t\t\t\t<\/div>\n\t\t\t\t<div class=\"elementor-element elementor-element-bd17286 elementor-widget elementor-widget-text-editor\" data-id=\"bd17286\" data-element_type=\"widget\" data-e-type=\"widget\" data-widget_type=\"text-editor.default\">\n\t\t\t\t<div class=\"elementor-widget-container\">\n\t\t\t\t\t\t\t\t\t<h2>\u00a0<\/h2><h2>Quale versione CAD volete utilizzare?<\/h2><p>Le piattaforme CAD su cui girano i nostri programmi, sono in continua evoluzione. Per garantire un funzionamento ottimale della suite AUTOFLUID, ti consigliamo di verificare che tu abbia installato le giuste versioni di AUTOCAD, Bricscad, ZWCAD Pro, REVIT e CADSTAMAX. Otterrai cos\u00ec i migliori risultati da noi verificati durante i test di compatibilit\u00e0. Seleziona una versione per scaricarla o per accedere al sito dell&#8217;editore del software.<\/p>\t\t\t\t\t\t\t\t<\/div>\n\t\t\t\t<\/div>\n\t\t\t\t<section class=\"elementor-section elementor-inner-section elementor-element elementor-element-3ee0832 liste-telechargement elementor-section-boxed elementor-section-height-default elementor-section-height-default\" data-id=\"3ee0832\" data-element_type=\"section\" data-e-type=\"section\">\n\t\t\t\t\t\t<div class=\"elementor-container elementor-column-gap-default\">\n\t\t\t\t\t<div class=\"elementor-column elementor-col-33 elementor-inner-column elementor-element elementor-element-95f07a2\" data-id=\"95f07a2\" data-element_type=\"column\" data-e-type=\"column\">\n\t\t\t<div class=\"elementor-widget-wrap elementor-element-populated\">\n\t\t\t\t\t\t<div class=\"elementor-element elementor-element-a7845d6 anim-link elementor-widget elementor-widget-text-editor\" data-id=\"a7845d6\" data-element_type=\"widget\" data-e-type=\"widget\" data-widget_type=\"text-editor.default\">\n\t\t\t\t<div class=\"elementor-widget-container\">\n\t\t\t\t\t\t\t\t\t<h3>AUTOCAD<\/h3><ul><li><a href=\"https:\/\/www.autodesk.fr\/products\/autocad\/overview?term=1-YEAR&amp;tab=subscription\" target=\"_blank\" rel=\"noopener\">AutoCAD 2027<\/a><\/li><li><a href=\"https:\/\/www.autodesk.fr\/products\/autocad\/overview?term=1-YEAR&amp;tab=subscription\" target=\"_blank\" rel=\"noopener\">AutoCAD 2026<\/a><\/li><li><a href=\"https:\/\/www.autodesk.fr\/products\/autocad\/overview?term=1-YEAR&amp;tab=subscription\" target=\"_blank\" rel=\"noopener\">AutoCAD 2025<\/a><\/li><\/ul>\t\t\t\t\t\t\t\t<\/div>\n\t\t\t\t<\/div>\n\t\t\t\t\t<\/div>\n\t\t<\/div>\n\t\t\t\t<div class=\"elementor-column elementor-col-33 elementor-inner-column elementor-element elementor-element-2e5d9e6\" data-id=\"2e5d9e6\" data-element_type=\"column\" data-e-type=\"column\">\n\t\t\t<div class=\"elementor-widget-wrap elementor-element-populated\">\n\t\t\t\t\t\t<div class=\"elementor-element elementor-element-5220a51 anim-link elementor-widget elementor-widget-text-editor\" data-id=\"5220a51\" data-element_type=\"widget\" data-e-type=\"widget\" data-widget_type=\"text-editor.default\">\n\t\t\t\t<div class=\"elementor-widget-container\">\n\t\t\t\t\t\t\t\t\t<h3>BRICSCAD<\/h3><ul><li><a href=\"https:\/\/boa.bricsys.com\/download.do?ref=649&amp;site=fr_fR\" target=\"_blank\" rel=\"noopener\">BricsCAD v26 (26.2.03)<\/a><\/li><li><a href=\"https:\/\/boa.bricsys.com\/download.do?ref=649&amp;site=fr_fR\" target=\"_blank\" rel=\"noopener\">BricsCAD v25 (25.1.07-1)<\/a><\/li><li><a href=\"https:\/\/boa.bricsys.com\/download.do?ref=649&amp;site=fr_fR\" target=\"_blank\" rel=\"noopener\">BricsCAD v24 (24.1.05)<\/a><\/li><\/ul>\t\t\t\t\t\t\t\t<\/div>\n\t\t\t\t<\/div>\n\t\t\t\t\t<\/div>\n\t\t<\/div>\n\t\t\t\t<div class=\"elementor-column elementor-col-33 elementor-inner-column elementor-element elementor-element-6790d4d\" data-id=\"6790d4d\" data-element_type=\"column\" data-e-type=\"column\">\n\t\t\t<div class=\"elementor-widget-wrap elementor-element-populated\">\n\t\t\t\t\t\t<div class=\"elementor-element elementor-element-868e6b9 anim-link elementor-widget elementor-widget-text-editor\" data-id=\"868e6b9\" data-element_type=\"widget\" data-e-type=\"widget\" data-widget_type=\"text-editor.default\">\n\t\t\t\t<div class=\"elementor-widget-container\">\n\t\t\t\t\t\t\t\t\t<h3>ZWCAD Pro<\/h3><ul><li><a href=\"https:\/\/zwcad.fr\/formulaire-de-telechargement\/?origine=revendeur&amp;revendeur=TRACEOCAD\" target=\"_blank\" rel=\"noopener\">ZWCAD Pro 2026<\/a><\/li><li><a href=\"https:\/\/zwcad.fr\/formulaire-de-telechargement\/?origine=revendeur&amp;revendeur=TRACEOCAD\" target=\"_blank\" rel=\"noopener\">ZWCAD Pro 2025<\/a><\/li><\/ul>\t\t\t\t\t\t\t\t<\/div>\n\t\t\t\t<\/div>\n\t\t\t\t\t<\/div>\n\t\t<\/div>\n\t\t\t\t\t<\/div>\n\t\t<\/section>\n\t\t\t\t<section class=\"elementor-section elementor-inner-section elementor-element elementor-element-7469f32 liste-telechargement elementor-section-boxed elementor-section-height-default elementor-section-height-default\" data-id=\"7469f32\" data-element_type=\"section\" data-e-type=\"section\">\n\t\t\t\t\t\t<div class=\"elementor-container elementor-column-gap-default\">\n\t\t\t\t\t<div class=\"elementor-column elementor-col-33 elementor-inner-column elementor-element elementor-element-d1dd9c7\" data-id=\"d1dd9c7\" data-element_type=\"column\" data-e-type=\"column\">\n\t\t\t<div class=\"elementor-widget-wrap elementor-element-populated\">\n\t\t\t\t\t\t<div class=\"elementor-element elementor-element-8da2a77 anim-link elementor-widget elementor-widget-text-editor\" data-id=\"8da2a77\" data-element_type=\"widget\" data-e-type=\"widget\" data-widget_type=\"text-editor.default\">\n\t\t\t\t<div class=\"elementor-widget-container\">\n\t\t\t\t\t\t\t\t\t<h3>REVIT<\/h3><ul><li><a href=\"https:\/\/www.autodesk.fr\/products\/revit\/overview?term=1-YEAR&amp;tab=subscription\" target=\"_blank\" rel=\"noopener\">REVIT 2026<\/a><\/li><li><a href=\"https:\/\/www.autodesk.fr\/products\/revit\/overview?term=1-YEAR&amp;tab=subscription\" target=\"_blank\" rel=\"noopener\">REVIT 2025<\/a><\/li><li><a href=\"https:\/\/www.autodesk.fr\/products\/revit\/overview?term=1-YEAR&amp;tab=subscription\" target=\"_blank\" rel=\"noopener\">REVIT 2024<\/a><\/li><\/ul>\t\t\t\t\t\t\t\t<\/div>\n\t\t\t\t<\/div>\n\t\t\t\t\t<\/div>\n\t\t<\/div>\n\t\t\t\t<div class=\"elementor-column elementor-col-33 elementor-inner-column elementor-element elementor-element-7a00930\" data-id=\"7a00930\" data-element_type=\"column\" data-e-type=\"column\">\n\t\t\t<div class=\"elementor-widget-wrap elementor-element-populated\">\n\t\t\t\t\t\t<div class=\"elementor-element elementor-element-2f5f583 anim-link elementor-widget elementor-widget-text-editor\" data-id=\"2f5f583\" data-element_type=\"widget\" data-e-type=\"widget\" data-widget_type=\"text-editor.default\">\n\t\t\t\t<div class=\"elementor-widget-container\">\n\t\t\t\t\t\t\t\t\t<h3>Cadstamax<\/h3><ul><li><a href=\"https:\/\/cadsta.com\/downloads\/max\/2027\/CADSTAMax_setup2027_S-1.2026.03.301(x64).exe\" rel=\"noopener\">CADSTA MAX 2027 (2026.03.301)<\/a><\/li><li><a href=\"https:\/\/cadsta.com\/downloads\/max\/2026\/CADSTAMax_setup2026_S-1.2025.11.092(x64).exe\" rel=\"noopener\">CADSTA MAX 2026 (2025.11.092)<\/a><\/li><li><a href=\"https:\/\/cadsta.com\/downloads\/max\/2025\/CADSTAMax_setup2025_S-1.2025.10.081(x64).exe\" rel=\"noopener\">CADSTA MAX 2025 (2025.10.081)<\/a><\/li><\/ul>\t\t\t\t\t\t\t\t<\/div>\n\t\t\t\t<\/div>\n\t\t\t\t\t<\/div>\n\t\t<\/div>\n\t\t\t\t<div class=\"elementor-column elementor-col-33 elementor-inner-column elementor-element elementor-element-ec8ee30\" data-id=\"ec8ee30\" data-element_type=\"column\" data-e-type=\"column\">\n\t\t\t<div class=\"elementor-widget-wrap elementor-element-populated\">\n\t\t\t\t\t\t\t<\/div>\n\t\t<\/div>\n\t\t\t\t\t<\/div>\n\t\t<\/section>\n\t\t\t\t<div class=\"elementor-element elementor-element-0a09d31 elementor-widget elementor-widget-text-editor\" data-id=\"0a09d31\" data-element_type=\"widget\" data-e-type=\"widget\" data-widget_type=\"text-editor.default\">\n\t\t\t\t<div class=\"elementor-widget-container\">\n\t\t\t\t\t\t\t\t\t<h2>Ordina una nuova licenza direttamente presso ATH SOFTWARE<\/h2><p><strong>ATH SOFTWARE, distributore della suite AUTOFLUID, \u00e8 in grado di fornire anche le piattaforme CAD (BricsCAD e ZWCAD Pro) necessarie per l&#8217;utilizzo di AUTOFLUID. <span style=\"text-decoration: underline;\"><a href=\"mailto:info@athsoftware.it\">Contattaci<\/a> <\/span>per ricevere un preventivo. Per saperne di pi\u00f9 scopri qui <span style=\"text-decoration: underline;\"><a href=\"https:\/\/www.athsoftware.it\/tutti-i-prodotti\/\">tutte le nostre offerte sui software CAD<\/a><\/span>.<\/strong><\/p>\t\t\t\t\t\t\t\t<\/div>\n\t\t\t\t<\/div>\n\t\t\t\t\t<\/div>\n\t\t<\/div>\n\t\t\t\t\t<\/div>\n\t\t<\/section>\n\t\t\t\t<section class=\"elementor-section elementor-top-section elementor-element elementor-element-22ae47b9 elementor-section-boxed elementor-section-height-default elementor-section-height-default\" data-id=\"22ae47b9\" data-element_type=\"section\" data-e-type=\"section\" id=\"bout-des-doigts\" data-settings=\"{&quot;background_background&quot;:&quot;classic&quot;}\">\n\t\t\t\t\t\t<div class=\"elementor-container elementor-column-gap-default\">\n\t\t\t\t\t<div class=\"elementor-column elementor-col-100 elementor-top-column elementor-element elementor-element-7b840d51\" data-id=\"7b840d51\" data-element_type=\"column\" data-e-type=\"column\">\n\t\t\t<div class=\"elementor-widget-wrap elementor-element-populated\">\n\t\t\t\t\t\t<div class=\"elementor-element elementor-element-296e3030 elementor-widget elementor-widget-text-editor\" data-id=\"296e3030\" data-element_type=\"widget\" data-e-type=\"widget\" data-widget_type=\"text-editor.default\">\n\t\t\t\t<div class=\"elementor-widget-container\">\n\t\t\t\t\t\t\t\t\t<h2>Aumenta la produttivit\u00e0 con la suite AUTOFLUID<\/h2>\t\t\t\t\t\t\t\t<\/div>\n\t\t\t\t<\/div>\n\t\t\t\t<div class=\"elementor-element elementor-element-48f7112 elementor-button-info elementor-widget elementor-widget-button\" data-id=\"48f7112\" data-element_type=\"widget\" data-e-type=\"widget\" data-widget_type=\"button.default\">\n\t\t\t\t<div class=\"elementor-widget-container\">\n\t\t\t\t\t\t\t\t\t<div class=\"elementor-button-wrapper\">\n\t\t\t\t\t<a class=\"elementor-button elementor-button-link elementor-size-sm\" href=\"https:\/\/www.autofluid.fr\/it\/formazione\">\n\t\t\t\t\t\t<span class=\"elementor-button-content-wrapper\">\n\t\t\t\t\t\t\t\t\t<span class=\"elementor-button-text\">Scopri la formazione<\/span>\n\t\t\t\t\t<\/span>\n\t\t\t\t\t<\/a>\n\t\t\t\t<\/div>\n\t\t\t\t\t\t\t\t<\/div>\n\t\t\t\t<\/div>\n\t\t\t\t\t<\/div>\n\t\t<\/div>\n\t\t\t\t\t<\/div>\n\t\t<\/section>\n\t\t\t\t<\/div>\n\t\t","protected":false},"excerpt":{"rendered":"<p>I software CAD e 3Dcon cui lavora AUTOFLUID AVVISAMI SULLE NOVITA&#8217; La piattaforma CAD (e la sua versione), \u00e8 compatibile con la versione di AUTOFLUID? Verifica la compatibilit\u00e0 tra la tua piattaforma CAD e AUTOFLUID. AUTOFLUID INFINITY Licenza a noleggio Tabella di compatibilit\u00e0 del CAD AUTOFLUID 11 Licenza perpetua Tabella di compatibilit\u00e0 del CAD \u00a0 [&hellip;]<\/p>\n","protected":false},"author":1,"featured_media":6678,"parent":0,"menu_order":0,"comment_status":"closed","ping_status":"closed","template":"","meta":{"_acf_changed":false,"inline_featured_image":false,"footnotes":""},"class_list":["post-14150","page","type-page","status-publish","has-post-thumbnail","hentry"],"acf":[],"yoast_head":"<!-- This site is optimized with the Yoast SEO plugin v27.3 - https:\/\/yoast.com\/product\/yoast-seo-wordpress\/ -->\n<title>Software CAD compatibili | AUTOFLUID<\/title>\n<meta name=\"description\" content=\"AUTOFLUID funziona con AUTOCAD, BRICSCAD e ZWCAD. Verificare quale versione del software CAD \u00e8 compatibile e adatta per la versione di AUTOFLUID.\" \/>\n<meta name=\"robots\" content=\"index, follow, max-snippet:-1, max-image-preview:large, max-video-preview:-1\" \/>\n<link rel=\"canonical\" href=\"https:\/\/www.autofluid.fr\/logiciels-cad-compatibles\/\" \/>\n<meta property=\"og:locale\" content=\"it_IT\" \/>\n<meta property=\"og:type\" content=\"article\" \/>\n<meta property=\"og:title\" content=\"Software CAD compatibili | AUTOFLUID\" \/>\n<meta property=\"og:description\" content=\"AUTOFLUID funziona con AUTOCAD, BRICSCAD e ZWCAD. Verificare quale versione del software CAD \u00e8 compatibile e adatta per la versione di AUTOFLUID.\" \/>\n<meta property=\"og:url\" content=\"https:\/\/www.autofluid.fr\/logiciels-cad-compatibles\/\" \/>\n<meta property=\"og:site_name\" content=\"AUTOFLUID\" \/>\n<meta property=\"article:modified_time\" content=\"2026-04-27T13:22:33+00:00\" \/>\n<meta property=\"og:image\" content=\"https:\/\/www.autofluid.fr\/wp-content\/uploads\/2022\/04\/formule-abonnement-autofluid-scaled.jpg\" \/>\n\t<meta property=\"og:image:width\" content=\"2560\" \/>\n\t<meta property=\"og:image:height\" content=\"738\" \/>\n\t<meta property=\"og:image:type\" content=\"image\/jpeg\" \/>\n<meta name=\"twitter:card\" content=\"summary_large_image\" \/>\n<meta name=\"twitter:label1\" content=\"Tempo di lettura stimato\" \/>\n\t<meta name=\"twitter:data1\" content=\"2 minuti\" \/>\n<script type=\"application\/ld+json\" class=\"yoast-schema-graph\">{\"@context\":\"https:\\\/\\\/schema.org\",\"@graph\":[{\"@type\":\"WebPage\",\"@id\":\"https:\\\/\\\/www.autofluid.fr\\\/logiciels-cad-compatibles\\\/\",\"url\":\"https:\\\/\\\/www.autofluid.fr\\\/logiciels-cad-compatibles\\\/\",\"name\":\"Software CAD compatibili | AUTOFLUID\",\"isPartOf\":{\"@id\":\"https:\\\/\\\/www.autofluid.fr\\\/#website\"},\"primaryImageOfPage\":{\"@id\":\"https:\\\/\\\/www.autofluid.fr\\\/logiciels-cad-compatibles\\\/#primaryimage\"},\"image\":{\"@id\":\"https:\\\/\\\/www.autofluid.fr\\\/logiciels-cad-compatibles\\\/#primaryimage\"},\"thumbnailUrl\":\"https:\\\/\\\/www.autofluid.fr\\\/wp-content\\\/uploads\\\/2022\\\/04\\\/formule-abonnement-autofluid-scaled.jpg\",\"datePublished\":\"2022-04-28T14:51:48+00:00\",\"dateModified\":\"2026-04-27T13:22:33+00:00\",\"description\":\"AUTOFLUID funziona con AUTOCAD, BRICSCAD e ZWCAD. Verificare quale versione del software CAD \u00e8 compatibile e adatta per la versione di AUTOFLUID.\",\"inLanguage\":\"it-IT\",\"potentialAction\":[{\"@type\":\"ReadAction\",\"target\":[\"https:\\\/\\\/www.autofluid.fr\\\/logiciels-cad-compatibles\\\/\"]}]},{\"@type\":\"ImageObject\",\"inLanguage\":\"it-IT\",\"@id\":\"https:\\\/\\\/www.autofluid.fr\\\/logiciels-cad-compatibles\\\/#primaryimage\",\"url\":\"https:\\\/\\\/www.autofluid.fr\\\/wp-content\\\/uploads\\\/2022\\\/04\\\/formule-abonnement-autofluid-scaled.jpg\",\"contentUrl\":\"https:\\\/\\\/www.autofluid.fr\\\/wp-content\\\/uploads\\\/2022\\\/04\\\/formule-abonnement-autofluid-scaled.jpg\",\"width\":2560,\"height\":738,\"caption\":\"logo de la suite Autofluid\"},{\"@type\":\"WebSite\",\"@id\":\"https:\\\/\\\/www.autofluid.fr\\\/#website\",\"url\":\"https:\\\/\\\/www.autofluid.fr\\\/\",\"name\":\"AUTOFLUID\",\"description\":\"Le logiciel de conception et dessin 2D et 3D des professionnels des fluides CVC et sanitaires\",\"publisher\":{\"@id\":\"https:\\\/\\\/www.autofluid.fr\\\/#organization\"},\"potentialAction\":[{\"@type\":\"SearchAction\",\"target\":{\"@type\":\"EntryPoint\",\"urlTemplate\":\"https:\\\/\\\/www.autofluid.fr\\\/?s={search_term_string}\"},\"query-input\":{\"@type\":\"PropertyValueSpecification\",\"valueRequired\":true,\"valueName\":\"search_term_string\"}}],\"inLanguage\":\"it-IT\"},{\"@type\":\"Organization\",\"@id\":\"https:\\\/\\\/www.autofluid.fr\\\/#organization\",\"name\":\"AUTOFLUID\",\"url\":\"https:\\\/\\\/www.autofluid.fr\\\/\",\"logo\":{\"@type\":\"ImageObject\",\"inLanguage\":\"it-IT\",\"@id\":\"https:\\\/\\\/www.autofluid.fr\\\/#\\\/schema\\\/logo\\\/image\\\/\",\"url\":\"https:\\\/\\\/www.autofluid.fr\\\/wp-content\\\/uploads\\\/2022\\\/04\\\/logo-autofluid-bleu.svg\",\"contentUrl\":\"https:\\\/\\\/www.autofluid.fr\\\/wp-content\\\/uploads\\\/2022\\\/04\\\/logo-autofluid-bleu.svg\",\"width\":172,\"height\":29,\"caption\":\"AUTOFLUID\"},\"image\":{\"@id\":\"https:\\\/\\\/www.autofluid.fr\\\/#\\\/schema\\\/logo\\\/image\\\/\"}}]}<\/script>\n<!-- \/ Yoast SEO plugin. -->","yoast_head_json":{"title":"Software CAD compatibili | AUTOFLUID","description":"AUTOFLUID funziona con AUTOCAD, BRICSCAD e ZWCAD. Verificare quale versione del software CAD \u00e8 compatibile e adatta per la versione di AUTOFLUID.","robots":{"index":"index","follow":"follow","max-snippet":"max-snippet:-1","max-image-preview":"max-image-preview:large","max-video-preview":"max-video-preview:-1"},"canonical":"https:\/\/www.autofluid.fr\/logiciels-cad-compatibles\/","og_locale":"it_IT","og_type":"article","og_title":"Software CAD compatibili | AUTOFLUID","og_description":"AUTOFLUID funziona con AUTOCAD, BRICSCAD e ZWCAD. Verificare quale versione del software CAD \u00e8 compatibile e adatta per la versione di AUTOFLUID.","og_url":"https:\/\/www.autofluid.fr\/logiciels-cad-compatibles\/","og_site_name":"AUTOFLUID","article_modified_time":"2026-04-27T13:22:33+00:00","og_image":[{"width":2560,"height":738,"url":"https:\/\/www.autofluid.fr\/wp-content\/uploads\/2022\/04\/formule-abonnement-autofluid-scaled.jpg","type":"image\/jpeg"}],"twitter_card":"summary_large_image","twitter_misc":{"Tempo di lettura stimato":"2 minuti"},"schema":{"@context":"https:\/\/schema.org","@graph":[{"@type":"WebPage","@id":"https:\/\/www.autofluid.fr\/logiciels-cad-compatibles\/","url":"https:\/\/www.autofluid.fr\/logiciels-cad-compatibles\/","name":"Software CAD compatibili | AUTOFLUID","isPartOf":{"@id":"https:\/\/www.autofluid.fr\/#website"},"primaryImageOfPage":{"@id":"https:\/\/www.autofluid.fr\/logiciels-cad-compatibles\/#primaryimage"},"image":{"@id":"https:\/\/www.autofluid.fr\/logiciels-cad-compatibles\/#primaryimage"},"thumbnailUrl":"https:\/\/www.autofluid.fr\/wp-content\/uploads\/2022\/04\/formule-abonnement-autofluid-scaled.jpg","datePublished":"2022-04-28T14:51:48+00:00","dateModified":"2026-04-27T13:22:33+00:00","description":"AUTOFLUID funziona con AUTOCAD, BRICSCAD e ZWCAD. Verificare quale versione del software CAD \u00e8 compatibile e adatta per la versione di AUTOFLUID.","inLanguage":"it-IT","potentialAction":[{"@type":"ReadAction","target":["https:\/\/www.autofluid.fr\/logiciels-cad-compatibles\/"]}]},{"@type":"ImageObject","inLanguage":"it-IT","@id":"https:\/\/www.autofluid.fr\/logiciels-cad-compatibles\/#primaryimage","url":"https:\/\/www.autofluid.fr\/wp-content\/uploads\/2022\/04\/formule-abonnement-autofluid-scaled.jpg","contentUrl":"https:\/\/www.autofluid.fr\/wp-content\/uploads\/2022\/04\/formule-abonnement-autofluid-scaled.jpg","width":2560,"height":738,"caption":"logo de la suite Autofluid"},{"@type":"WebSite","@id":"https:\/\/www.autofluid.fr\/#website","url":"https:\/\/www.autofluid.fr\/","name":"AUTOFLUID","description":"Le logiciel de conception et dessin 2D et 3D des professionnels des fluides CVC et sanitaires","publisher":{"@id":"https:\/\/www.autofluid.fr\/#organization"},"potentialAction":[{"@type":"SearchAction","target":{"@type":"EntryPoint","urlTemplate":"https:\/\/www.autofluid.fr\/?s={search_term_string}"},"query-input":{"@type":"PropertyValueSpecification","valueRequired":true,"valueName":"search_term_string"}}],"inLanguage":"it-IT"},{"@type":"Organization","@id":"https:\/\/www.autofluid.fr\/#organization","name":"AUTOFLUID","url":"https:\/\/www.autofluid.fr\/","logo":{"@type":"ImageObject","inLanguage":"it-IT","@id":"https:\/\/www.autofluid.fr\/#\/schema\/logo\/image\/","url":"https:\/\/www.autofluid.fr\/wp-content\/uploads\/2022\/04\/logo-autofluid-bleu.svg","contentUrl":"https:\/\/www.autofluid.fr\/wp-content\/uploads\/2022\/04\/logo-autofluid-bleu.svg","width":172,"height":29,"caption":"AUTOFLUID"},"image":{"@id":"https:\/\/www.autofluid.fr\/#\/schema\/logo\/image\/"}}]}},"_links":{"self":[{"href":"https:\/\/www.autofluid.fr\/it\/wp-json\/wp\/v2\/pages\/14150","targetHints":{"allow":["GET"]}}],"collection":[{"href":"https:\/\/www.autofluid.fr\/it\/wp-json\/wp\/v2\/pages"}],"about":[{"href":"https:\/\/www.autofluid.fr\/it\/wp-json\/wp\/v2\/types\/page"}],"author":[{"embeddable":true,"href":"https:\/\/www.autofluid.fr\/it\/wp-json\/wp\/v2\/users\/1"}],"replies":[{"embeddable":true,"href":"https:\/\/www.autofluid.fr\/it\/wp-json\/wp\/v2\/comments?post=14150"}],"version-history":[{"count":5,"href":"https:\/\/www.autofluid.fr\/it\/wp-json\/wp\/v2\/pages\/14150\/revisions"}],"predecessor-version":[{"id":21625,"href":"https:\/\/www.autofluid.fr\/it\/wp-json\/wp\/v2\/pages\/14150\/revisions\/21625"}],"wp:featuredmedia":[{"embeddable":true,"href":"https:\/\/www.autofluid.fr\/it\/wp-json\/wp\/v2\/media\/6678"}],"wp:attachment":[{"href":"https:\/\/www.autofluid.fr\/it\/wp-json\/wp\/v2\/media?parent=14150"}],"curies":[{"name":"wp","href":"https:\/\/api.w.org\/{rel}","templated":true}]}}