{"id":19490,"date":"2023-07-10T15:17:47","date_gmt":"2023-07-10T13:17:47","guid":{"rendered":"https:\/\/www.autofluid.fr\/programmes-elearning"},"modified":"2024-06-11T17:34:29","modified_gmt":"2024-06-11T15:34:29","slug":"programi-formazione-distenza","status":"publish","type":"page","link":"https:\/\/www.autofluid.fr\/it\/programi-formazione-distenza\/","title":{"rendered":"Programmes E-learning"},"content":{"rendered":"\t\t<div data-elementor-type=\"wp-page\" data-elementor-id=\"19490\" class=\"elementor elementor-19490 elementor-14252\" data-elementor-post-type=\"page\">\n\t\t\t\t\t\t<section class=\"elementor-section elementor-top-section elementor-element elementor-element-2a794c53 elementor-section-boxed elementor-section-height-default elementor-section-height-default\" data-id=\"2a794c53\" data-element_type=\"section\" data-e-type=\"section\" id=\"header-application\" data-settings=\"{&quot;background_background&quot;:&quot;classic&quot;}\">\n\t\t\t\t\t\t<div class=\"elementor-container elementor-column-gap-default\">\n\t\t\t\t\t<div class=\"elementor-column elementor-col-100 elementor-top-column elementor-element elementor-element-3f2d8887\" data-id=\"3f2d8887\" data-element_type=\"column\" data-e-type=\"column\">\n\t\t\t<div class=\"elementor-widget-wrap elementor-element-populated\">\n\t\t\t\t\t\t<div class=\"elementor-element elementor-element-4474c49f elementor-widget elementor-widget-text-editor\" data-id=\"4474c49f\" data-element_type=\"widget\" data-e-type=\"widget\" data-widget_type=\"text-editor.default\">\n\t\t\t\t<div class=\"elementor-widget-container\">\n\t\t\t\t\t\t\t\t\t<h1>Programmi di formazione a distenza <br \/>per AUTOFLUID<\/h1>\t\t\t\t\t\t\t\t<\/div>\n\t\t\t\t<\/div>\n\t\t\t\t<div class=\"elementor-element elementor-element-a8cb3f2 elementor-button-info elementor-widget elementor-widget-button\" data-id=\"a8cb3f2\" data-element_type=\"widget\" data-e-type=\"widget\" data-widget_type=\"button.default\">\n\t\t\t\t<div class=\"elementor-widget-container\">\n\t\t\t\t\t\t\t\t\t<div class=\"elementor-button-wrapper\">\n\t\t\t\t\t<a class=\"elementor-button elementor-button-link elementor-size-sm\" href=\"https:\/\/www.autofluid.fr\/it\/contattaci\" id=\"arrow\">\n\t\t\t\t\t\t<span class=\"elementor-button-content-wrapper\">\n\t\t\t\t\t\t\t\t\t<span class=\"elementor-button-text\">Richiesta di informazioni<\/span>\n\t\t\t\t\t<\/span>\n\t\t\t\t\t<\/a>\n\t\t\t\t<\/div>\n\t\t\t\t\t\t\t\t<\/div>\n\t\t\t\t<\/div>\n\t\t\t\t\t<\/div>\n\t\t<\/div>\n\t\t\t\t\t<\/div>\n\t\t<\/section>\n\t\t\t\t<section class=\"elementor-section elementor-top-section elementor-element elementor-element-c7b3bd2 programme-formation-text elementor-hidden-desktop elementor-hidden-tablet elementor-hidden-mobile elementor-section-boxed elementor-section-height-default elementor-section-height-default\" data-id=\"c7b3bd2\" data-element_type=\"section\" data-e-type=\"section\" id=\"encres-tuto-video\">\n\t\t\t\t\t\t<div class=\"elementor-container elementor-column-gap-default\">\n\t\t\t\t\t<div class=\"elementor-column elementor-col-100 elementor-top-column elementor-element elementor-element-b88aa37\" data-id=\"b88aa37\" data-element_type=\"column\" data-e-type=\"column\">\n\t\t\t<div class=\"elementor-widget-wrap elementor-element-populated\">\n\t\t\t\t\t\t<div class=\"elementor-element elementor-element-16aceaf elementor-widget elementor-widget-text-editor\" data-id=\"16aceaf\" data-element_type=\"widget\" data-e-type=\"widget\" data-widget_type=\"text-editor.default\">\n\t\t\t\t<div class=\"elementor-widget-container\">\n\t\t\t\t\t\t\t\t\t<div id=\"backtotop\"><a href=\"#header-application\">\u00a0<\/a><\/div>\t\t\t\t\t\t\t\t<\/div>\n\t\t\t\t<\/div>\n\t\t\t\t<div class=\"elementor-element elementor-element-00b340c elementor-widget elementor-widget-submenu-formations\" data-id=\"00b340c\" data-element_type=\"widget\" data-e-type=\"widget\" id=\"encres-tuto-video\" data-widget_type=\"submenu-formations.default\">\n\t\t\t\t<div class=\"elementor-widget-container\">\n\t\t\t\t\t\r\n    <section class=\"menu-destop\">\r\n        <div class=\"section-container\">\r\n            <ul>\r\n                            <\/ul>\r\n        <\/div>\r\n    <\/section>\r\n\r\n    <section class=\"menu-mobile af-sub-navigation af-sub-navigation-tutos\">\r\n        <div class=\"af-nav-cta\">\r\n            <a class=\"af-cta af-cta-subnav\">\r\n                <span>Choisir une rubrique<\/span>\r\n                <span class=\"close\">Fermer<\/span>\r\n            <\/a>\r\n        <\/div>\r\n        <nav>\r\n            <ul>\r\n                            <\/ul>\r\n        <\/nav>\r\n    <\/section>\r\n\r\n    \t\t\t\t<\/div>\n\t\t\t\t<\/div>\n\t\t\t\t<div class=\"elementor-element elementor-element-74e8723 elementor-widget elementor-widget-text-editor\" data-id=\"74e8723\" data-element_type=\"widget\" data-e-type=\"widget\" data-widget_type=\"text-editor.default\">\n\t\t\t\t<div class=\"elementor-widget-container\">\n\t\t\t\t\t\t\t\t\t<h2>Nos programmes AUTOFLUID en e-learning<\/h2>\n<p><strong>Am\u00e9liorez vos savoir-faire selon vos besoins ponctuels et selon vos disponibilit\u00e9s. Nos formations cibl\u00e9es CVC &amp; sanitaire AUTOFLUID e-learning sont rapides et efficaces. Elles se d\u00e9roulent en cours particulier avec un formateur en vid\u00e9o-conf\u00e9rence, vous n&#8217;aurez m\u00eame pas \u00e0 vous d\u00e9placer. <\/strong><\/p>\n<p>Nos formations en CAO des r\u00e9seaux CVC &amp; sanitaire avec AUTOFLUID sont \u00e9labor\u00e9es pour nos utilisateurs de tous niveaux, de d\u00e9butants \u00e0 confirm\u00e9s. Bas\u00e9es sur un apprentissage par la mise en pratique \u00e0 travers des exercices, elles sont le meilleur moyen d&#8217;augmenter votre productivit\u00e9 rapidement.<\/p>\t\t\t\t\t\t\t\t<\/div>\n\t\t\t\t<\/div>\n\t\t\t\t\t<\/div>\n\t\t<\/div>\n\t\t\t\t\t<\/div>\n\t\t<\/section>\n\t\t\t\t<section class=\"elementor-section elementor-top-section elementor-element elementor-element-394ef3e minus-container elementor-section-boxed elementor-section-height-default elementor-section-height-default\" data-id=\"394ef3e\" data-element_type=\"section\" data-e-type=\"section\" id=\"plateformes-cad-compatibles\">\n\t\t\t\t\t\t<div class=\"elementor-container elementor-column-gap-default\">\n\t\t\t\t\t<div class=\"elementor-column elementor-col-100 elementor-top-column elementor-element elementor-element-f1cdcb4\" data-id=\"f1cdcb4\" data-element_type=\"column\" data-e-type=\"column\">\n\t\t\t<div class=\"elementor-widget-wrap elementor-element-populated\">\n\t\t\t\t\t\t<section class=\"elementor-section elementor-inner-section elementor-element elementor-element-bf89104 elementor-section-content-middle elementor-section-boxed elementor-section-height-default elementor-section-height-default\" data-id=\"bf89104\" data-element_type=\"section\" data-e-type=\"section\">\n\t\t\t\t\t\t<div class=\"elementor-container elementor-column-gap-default\">\n\t\t\t\t\t<div class=\"elementor-column elementor-col-50 elementor-inner-column elementor-element elementor-element-a500a4c\" data-id=\"a500a4c\" data-element_type=\"column\" data-e-type=\"column\">\n\t\t\t<div class=\"elementor-widget-wrap elementor-element-populated\">\n\t\t\t\t\t<div class=\"elementor-background-overlay\"><\/div>\n\t\t\t\t\t\t<div class=\"elementor-element elementor-element-52a98e6 elementor-widget elementor-widget-image\" data-id=\"52a98e6\" data-element_type=\"widget\" data-e-type=\"widget\" data-widget_type=\"image.default\">\n\t\t\t\t<div class=\"elementor-widget-container\">\n\t\t\t\t\t\t\t\t\t\t\t\t\t\t\t<img fetchpriority=\"high\" decoding=\"async\" width=\"907\" height=\"941\" src=\"https:\/\/www.autofluid.fr\/wp-content\/uploads\/2024\/06\/illustration-cone-cone-en-construction.png\" class=\"attachment-large size-large wp-image-19501\" alt=\"En construction\" srcset=\"https:\/\/www.autofluid.fr\/wp-content\/uploads\/2024\/06\/illustration-cone-cone-en-construction.png 907w, https:\/\/www.autofluid.fr\/wp-content\/uploads\/2024\/06\/illustration-cone-cone-en-construction-289x300.png 289w, https:\/\/www.autofluid.fr\/wp-content\/uploads\/2024\/06\/illustration-cone-cone-en-construction-768x797.png 768w\" sizes=\"(max-width: 907px) 100vw, 907px\" \/>\t\t\t\t\t\t\t\t\t\t\t\t\t\t\t<\/div>\n\t\t\t\t<\/div>\n\t\t\t\t\t<\/div>\n\t\t<\/div>\n\t\t\t\t<div class=\"elementor-column elementor-col-50 elementor-inner-column elementor-element elementor-element-fa0062d\" data-id=\"fa0062d\" data-element_type=\"column\" data-e-type=\"column\">\n\t\t\t<div class=\"elementor-widget-wrap elementor-element-populated\">\n\t\t\t\t\t\t<div class=\"elementor-element elementor-element-541da24 elementor-widget elementor-widget-text-editor\" data-id=\"541da24\" data-element_type=\"widget\" data-e-type=\"widget\" data-widget_type=\"text-editor.default\">\n\t\t\t\t<div class=\"elementor-widget-container\">\n\t\t\t\t\t\t\t\t\t<p>Le informazioni non sono ancora disponibili. Contattateci comunque se volete ricevere maggiori informazioni sui corsi di addestramento su AUTOFLUID e le piaattaforme CAD.<\/p>\t\t\t\t\t\t\t\t<\/div>\n\t\t\t\t<\/div>\n\t\t\t\t<div class=\"elementor-element elementor-element-cb14127 elementor-button-info elementor-widget elementor-widget-button\" data-id=\"cb14127\" data-element_type=\"widget\" data-e-type=\"widget\" data-widget_type=\"button.default\">\n\t\t\t\t<div class=\"elementor-widget-container\">\n\t\t\t\t\t\t\t\t\t<div class=\"elementor-button-wrapper\">\n\t\t\t\t\t<a class=\"elementor-button elementor-button-link elementor-size-sm\" href=\"https:\/\/www.autofluid.fr\/it\/contattaci\" id=\"arrow\">\n\t\t\t\t\t\t<span class=\"elementor-button-content-wrapper\">\n\t\t\t\t\t\t\t\t\t<span class=\"elementor-button-text\">Richiesta di informazioni<\/span>\n\t\t\t\t\t<\/span>\n\t\t\t\t\t<\/a>\n\t\t\t\t<\/div>\n\t\t\t\t\t\t\t\t<\/div>\n\t\t\t\t<\/div>\n\t\t\t\t\t<\/div>\n\t\t<\/div>\n\t\t\t\t\t<\/div>\n\t\t<\/section>\n\t\t\t\t\t<\/div>\n\t\t<\/div>\n\t\t\t\t\t<\/div>\n\t\t<\/section>\n\t\t\t\t<section class=\"elementor-section elementor-top-section elementor-element elementor-element-b3342d0 elementor-hidden-desktop elementor-hidden-tablet elementor-hidden-mobile elementor-section-boxed elementor-section-height-default elementor-section-height-default\" data-id=\"b3342d0\" data-element_type=\"section\" data-e-type=\"section\">\n\t\t\t\t\t\t<div class=\"elementor-container elementor-column-gap-default\">\n\t\t\t\t\t<div class=\"elementor-column elementor-col-100 elementor-top-column elementor-element elementor-element-cdc3d36\" data-id=\"cdc3d36\" data-element_type=\"column\" data-e-type=\"column\">\n\t\t\t<div class=\"elementor-widget-wrap elementor-element-populated\">\n\t\t\t\t\t\t<div class=\"elementor-element elementor-element-dcdbab4 elementor-widget elementor-widget-formationsmea\" data-id=\"dcdbab4\" data-element_type=\"widget\" data-e-type=\"widget\" data-widget_type=\"formationsmea.default\">\n\t\t\t\t<div class=\"elementor-widget-container\">\n\t\t\t\t\t\n<section class=\"af-formations-list-type af-formations-list-type-e-learning\">\n    <\/section>\t\t\t\t<\/div>\n\t\t\t\t<\/div>\n\t\t\t\t\t<\/div>\n\t\t<\/div>\n\t\t\t\t\t<\/div>\n\t\t<\/section>\n\t\t\t\t<section class=\"elementor-section elementor-top-section elementor-element elementor-element-72ac1f34 elementor-hidden-desktop elementor-hidden-tablet elementor-hidden-mobile elementor-section-boxed elementor-section-height-default elementor-section-height-default\" data-id=\"72ac1f34\" data-element_type=\"section\" data-e-type=\"section\" id=\"bout-des-doigts\" data-settings=\"{&quot;background_background&quot;:&quot;classic&quot;}\">\n\t\t\t\t\t\t<div class=\"elementor-container elementor-column-gap-default\">\n\t\t\t\t\t<div class=\"elementor-column elementor-col-100 elementor-top-column elementor-element elementor-element-36e597cb\" data-id=\"36e597cb\" data-element_type=\"column\" data-e-type=\"column\">\n\t\t\t<div class=\"elementor-widget-wrap elementor-element-populated\">\n\t\t\t\t\t\t<div class=\"elementor-element elementor-element-74a0b2c7 elementor-widget elementor-widget-text-editor\" data-id=\"74a0b2c7\" data-element_type=\"widget\" data-e-type=\"widget\" data-widget_type=\"text-editor.default\">\n\t\t\t\t<div class=\"elementor-widget-container\">\n\t\t\t\t\t\t\t\t\t<h2>Pr\u00eat \u00e0 passer la vitesse sup\u00e9rieure ?<\/h2>\t\t\t\t\t\t\t\t<\/div>\n\t\t\t\t<\/div>\n\t\t\t\t<div class=\"elementor-element elementor-element-10c02f4c elementor-button-info elementor-widget elementor-widget-button\" data-id=\"10c02f4c\" data-element_type=\"widget\" data-e-type=\"widget\" data-widget_type=\"button.default\">\n\t\t\t\t<div class=\"elementor-widget-container\">\n\t\t\t\t\t\t\t\t\t<div class=\"elementor-button-wrapper\">\n\t\t\t\t\t<a class=\"elementor-button elementor-button-link elementor-size-sm\" href=\"\/contactez-nous\" id=\"euro\">\n\t\t\t\t\t\t<span class=\"elementor-button-content-wrapper\">\n\t\t\t\t\t\t\t\t\t<span class=\"elementor-button-text\">obtenez un devis formation<\/span>\n\t\t\t\t\t<\/span>\n\t\t\t\t\t<\/a>\n\t\t\t\t<\/div>\n\t\t\t\t\t\t\t\t<\/div>\n\t\t\t\t<\/div>\n\t\t\t\t\t<\/div>\n\t\t<\/div>\n\t\t\t\t\t<\/div>\n\t\t<\/section>\n\t\t\t\t<\/div>\n\t\t","protected":false},"excerpt":{"rendered":"<p>Programmi di formazione a distenza per AUTOFLUID Richiesta di informazioni \u00a0 Choisir une rubrique Fermer Nos programmes AUTOFLUID en e-learning Am\u00e9liorez vos savoir-faire selon vos besoins ponctuels et selon vos disponibilit\u00e9s. Nos formations cibl\u00e9es CVC &amp; sanitaire AUTOFLUID e-learning sont rapides et efficaces. Elles se d\u00e9roulent en cours particulier avec un formateur en vid\u00e9o-conf\u00e9rence, vous [&hellip;]<\/p>\n","protected":false},"author":1,"featured_media":5266,"parent":0,"menu_order":0,"comment_status":"closed","ping_status":"closed","template":"","meta":{"_acf_changed":false,"inline_featured_image":false,"footnotes":""},"class_list":["post-19490","page","type-page","status-publish","has-post-thumbnail","hentry"],"acf":[],"yoast_head":"<!-- This site is optimized with the Yoast SEO plugin v27.3 - https:\/\/yoast.com\/product\/yoast-seo-wordpress\/ -->\n<title>Formazione AUTOFLUID a distanza | AUTOFLUID<\/title>\n<meta name=\"description\" content=\"Le informazioni non sono ancora disponibili. Contattateci comunque se volete ricevere maggiori informazioni sui corsi di addestramento su AUTOFLUID e le piaattaforme CAD.\" \/>\n<meta name=\"robots\" content=\"index, follow, max-snippet:-1, max-image-preview:large, max-video-preview:-1\" \/>\n<link rel=\"canonical\" href=\"https:\/\/www.autofluid.fr\/it\/programi-formazione-distenza\/\" \/>\n<meta property=\"og:locale\" content=\"it_IT\" \/>\n<meta property=\"og:type\" content=\"article\" \/>\n<meta property=\"og:title\" content=\"Formazione AUTOFLUID a distanza | AUTOFLUID\" \/>\n<meta property=\"og:description\" content=\"Le informazioni non sono ancora disponibili. Contattateci comunque se volete ricevere maggiori informazioni sui corsi di addestramento su AUTOFLUID e le piaattaforme CAD.\" \/>\n<meta property=\"og:url\" content=\"https:\/\/www.autofluid.fr\/it\/programi-formazione-distenza\/\" \/>\n<meta property=\"og:site_name\" content=\"AUTOFLUID\" \/>\n<meta property=\"article:modified_time\" content=\"2024-06-11T15:34:29+00:00\" \/>\n<meta property=\"og:image\" content=\"https:\/\/www.autofluid.fr\/wp-content\/uploads\/2022\/04\/header-programmes-formations.jpg\" \/>\n\t<meta property=\"og:image:width\" content=\"1920\" \/>\n\t<meta property=\"og:image:height\" content=\"315\" \/>\n\t<meta property=\"og:image:type\" content=\"image\/jpeg\" \/>\n<meta name=\"twitter:card\" content=\"summary_large_image\" \/>\n<meta name=\"twitter:label1\" content=\"Tempo di lettura stimato\" \/>\n\t<meta name=\"twitter:data1\" content=\"1 minuto\" \/>\n<script type=\"application\/ld+json\" class=\"yoast-schema-graph\">{\"@context\":\"https:\\\/\\\/schema.org\",\"@graph\":[{\"@type\":\"WebPage\",\"@id\":\"https:\\\/\\\/www.autofluid.fr\\\/it\\\/programi-formazione-distenza\\\/\",\"url\":\"https:\\\/\\\/www.autofluid.fr\\\/it\\\/programi-formazione-distenza\\\/\",\"name\":\"Formazione AUTOFLUID a distanza | AUTOFLUID\",\"isPartOf\":{\"@id\":\"https:\\\/\\\/www.autofluid.fr\\\/#website\"},\"primaryImageOfPage\":{\"@id\":\"https:\\\/\\\/www.autofluid.fr\\\/it\\\/programi-formazione-distenza\\\/#primaryimage\"},\"image\":{\"@id\":\"https:\\\/\\\/www.autofluid.fr\\\/it\\\/programi-formazione-distenza\\\/#primaryimage\"},\"thumbnailUrl\":\"https:\\\/\\\/www.autofluid.fr\\\/wp-content\\\/uploads\\\/2022\\\/04\\\/header-programmes-formations.jpg\",\"datePublished\":\"2023-07-10T13:17:47+00:00\",\"dateModified\":\"2024-06-11T15:34:29+00:00\",\"description\":\"Le informazioni non sono ancora disponibili. Contattateci comunque se volete ricevere maggiori informazioni sui corsi di addestramento su AUTOFLUID e le piaattaforme CAD.\",\"inLanguage\":\"it-IT\",\"potentialAction\":[{\"@type\":\"ReadAction\",\"target\":[\"https:\\\/\\\/www.autofluid.fr\\\/it\\\/programi-formazione-distenza\\\/\"]}]},{\"@type\":\"ImageObject\",\"inLanguage\":\"it-IT\",\"@id\":\"https:\\\/\\\/www.autofluid.fr\\\/it\\\/programi-formazione-distenza\\\/#primaryimage\",\"url\":\"https:\\\/\\\/www.autofluid.fr\\\/wp-content\\\/uploads\\\/2022\\\/04\\\/header-programmes-formations.jpg\",\"contentUrl\":\"https:\\\/\\\/www.autofluid.fr\\\/wp-content\\\/uploads\\\/2022\\\/04\\\/header-programmes-formations.jpg\",\"width\":1920,\"height\":315,\"caption\":\"\u00e9changes lors d'une formation AUTOFLUID\"},{\"@type\":\"WebSite\",\"@id\":\"https:\\\/\\\/www.autofluid.fr\\\/#website\",\"url\":\"https:\\\/\\\/www.autofluid.fr\\\/\",\"name\":\"AUTOFLUID\",\"description\":\"Le logiciel de conception et dessin 2D et 3D des professionnels des fluides CVC et sanitaires\",\"publisher\":{\"@id\":\"https:\\\/\\\/www.autofluid.fr\\\/#organization\"},\"potentialAction\":[{\"@type\":\"SearchAction\",\"target\":{\"@type\":\"EntryPoint\",\"urlTemplate\":\"https:\\\/\\\/www.autofluid.fr\\\/?s={search_term_string}\"},\"query-input\":{\"@type\":\"PropertyValueSpecification\",\"valueRequired\":true,\"valueName\":\"search_term_string\"}}],\"inLanguage\":\"it-IT\"},{\"@type\":\"Organization\",\"@id\":\"https:\\\/\\\/www.autofluid.fr\\\/#organization\",\"name\":\"AUTOFLUID\",\"url\":\"https:\\\/\\\/www.autofluid.fr\\\/\",\"logo\":{\"@type\":\"ImageObject\",\"inLanguage\":\"it-IT\",\"@id\":\"https:\\\/\\\/www.autofluid.fr\\\/#\\\/schema\\\/logo\\\/image\\\/\",\"url\":\"https:\\\/\\\/www.autofluid.fr\\\/wp-content\\\/uploads\\\/2022\\\/04\\\/logo-autofluid-bleu.svg\",\"contentUrl\":\"https:\\\/\\\/www.autofluid.fr\\\/wp-content\\\/uploads\\\/2022\\\/04\\\/logo-autofluid-bleu.svg\",\"width\":172,\"height\":29,\"caption\":\"AUTOFLUID\"},\"image\":{\"@id\":\"https:\\\/\\\/www.autofluid.fr\\\/#\\\/schema\\\/logo\\\/image\\\/\"}}]}<\/script>\n<!-- \/ Yoast SEO plugin. -->","yoast_head_json":{"title":"Formazione AUTOFLUID a distanza | AUTOFLUID","description":"Le informazioni non sono ancora disponibili. Contattateci comunque se volete ricevere maggiori informazioni sui corsi di addestramento su AUTOFLUID e le piaattaforme CAD.","robots":{"index":"index","follow":"follow","max-snippet":"max-snippet:-1","max-image-preview":"max-image-preview:large","max-video-preview":"max-video-preview:-1"},"canonical":"https:\/\/www.autofluid.fr\/it\/programi-formazione-distenza\/","og_locale":"it_IT","og_type":"article","og_title":"Formazione AUTOFLUID a distanza | AUTOFLUID","og_description":"Le informazioni non sono ancora disponibili. Contattateci comunque se volete ricevere maggiori informazioni sui corsi di addestramento su AUTOFLUID e le piaattaforme CAD.","og_url":"https:\/\/www.autofluid.fr\/it\/programi-formazione-distenza\/","og_site_name":"AUTOFLUID","article_modified_time":"2024-06-11T15:34:29+00:00","og_image":[{"width":1920,"height":315,"url":"https:\/\/www.autofluid.fr\/wp-content\/uploads\/2022\/04\/header-programmes-formations.jpg","type":"image\/jpeg"}],"twitter_card":"summary_large_image","twitter_misc":{"Tempo di lettura stimato":"1 minuto"},"schema":{"@context":"https:\/\/schema.org","@graph":[{"@type":"WebPage","@id":"https:\/\/www.autofluid.fr\/it\/programi-formazione-distenza\/","url":"https:\/\/www.autofluid.fr\/it\/programi-formazione-distenza\/","name":"Formazione AUTOFLUID a distanza | AUTOFLUID","isPartOf":{"@id":"https:\/\/www.autofluid.fr\/#website"},"primaryImageOfPage":{"@id":"https:\/\/www.autofluid.fr\/it\/programi-formazione-distenza\/#primaryimage"},"image":{"@id":"https:\/\/www.autofluid.fr\/it\/programi-formazione-distenza\/#primaryimage"},"thumbnailUrl":"https:\/\/www.autofluid.fr\/wp-content\/uploads\/2022\/04\/header-programmes-formations.jpg","datePublished":"2023-07-10T13:17:47+00:00","dateModified":"2024-06-11T15:34:29+00:00","description":"Le informazioni non sono ancora disponibili. Contattateci comunque se volete ricevere maggiori informazioni sui corsi di addestramento su AUTOFLUID e le piaattaforme CAD.","inLanguage":"it-IT","potentialAction":[{"@type":"ReadAction","target":["https:\/\/www.autofluid.fr\/it\/programi-formazione-distenza\/"]}]},{"@type":"ImageObject","inLanguage":"it-IT","@id":"https:\/\/www.autofluid.fr\/it\/programi-formazione-distenza\/#primaryimage","url":"https:\/\/www.autofluid.fr\/wp-content\/uploads\/2022\/04\/header-programmes-formations.jpg","contentUrl":"https:\/\/www.autofluid.fr\/wp-content\/uploads\/2022\/04\/header-programmes-formations.jpg","width":1920,"height":315,"caption":"\u00e9changes lors d'une formation AUTOFLUID"},{"@type":"WebSite","@id":"https:\/\/www.autofluid.fr\/#website","url":"https:\/\/www.autofluid.fr\/","name":"AUTOFLUID","description":"Le logiciel de conception et dessin 2D et 3D des professionnels des fluides CVC et sanitaires","publisher":{"@id":"https:\/\/www.autofluid.fr\/#organization"},"potentialAction":[{"@type":"SearchAction","target":{"@type":"EntryPoint","urlTemplate":"https:\/\/www.autofluid.fr\/?s={search_term_string}"},"query-input":{"@type":"PropertyValueSpecification","valueRequired":true,"valueName":"search_term_string"}}],"inLanguage":"it-IT"},{"@type":"Organization","@id":"https:\/\/www.autofluid.fr\/#organization","name":"AUTOFLUID","url":"https:\/\/www.autofluid.fr\/","logo":{"@type":"ImageObject","inLanguage":"it-IT","@id":"https:\/\/www.autofluid.fr\/#\/schema\/logo\/image\/","url":"https:\/\/www.autofluid.fr\/wp-content\/uploads\/2022\/04\/logo-autofluid-bleu.svg","contentUrl":"https:\/\/www.autofluid.fr\/wp-content\/uploads\/2022\/04\/logo-autofluid-bleu.svg","width":172,"height":29,"caption":"AUTOFLUID"},"image":{"@id":"https:\/\/www.autofluid.fr\/#\/schema\/logo\/image\/"}}]}},"_links":{"self":[{"href":"https:\/\/www.autofluid.fr\/it\/wp-json\/wp\/v2\/pages\/19490","targetHints":{"allow":["GET"]}}],"collection":[{"href":"https:\/\/www.autofluid.fr\/it\/wp-json\/wp\/v2\/pages"}],"about":[{"href":"https:\/\/www.autofluid.fr\/it\/wp-json\/wp\/v2\/types\/page"}],"author":[{"embeddable":true,"href":"https:\/\/www.autofluid.fr\/it\/wp-json\/wp\/v2\/users\/1"}],"replies":[{"embeddable":true,"href":"https:\/\/www.autofluid.fr\/it\/wp-json\/wp\/v2\/comments?post=19490"}],"version-history":[{"count":5,"href":"https:\/\/www.autofluid.fr\/it\/wp-json\/wp\/v2\/pages\/19490\/revisions"}],"predecessor-version":[{"id":19530,"href":"https:\/\/www.autofluid.fr\/it\/wp-json\/wp\/v2\/pages\/19490\/revisions\/19530"}],"wp:featuredmedia":[{"embeddable":true,"href":"https:\/\/www.autofluid.fr\/it\/wp-json\/wp\/v2\/media\/5266"}],"wp:attachment":[{"href":"https:\/\/www.autofluid.fr\/it\/wp-json\/wp\/v2\/media?parent=19490"}],"curies":[{"name":"wp","href":"https:\/\/api.w.org\/{rel}","templated":true}]}}