{"id":19828,"date":"2020-12-23T12:56:30","date_gmt":"2020-12-23T11:56:30","guid":{"rendered":"https:\/\/www.autofluid.fr\/politique-de-confidentialite"},"modified":"2024-06-20T15:21:51","modified_gmt":"2024-06-20T13:21:51","slug":"privacy","status":"publish","type":"page","link":"https:\/\/www.autofluid.fr\/it\/privacy\/","title":{"rendered":"Politique de confidentialit\u00e9"},"content":{"rendered":"\t\t<div data-elementor-type=\"wp-page\" data-elementor-id=\"19828\" class=\"elementor elementor-19828 elementor-1823\" data-elementor-post-type=\"page\">\n\t\t\t\t\t\t<section class=\"elementor-section elementor-top-section elementor-element elementor-element-3b19d35d ik_privacy_policy elementor-section-boxed elementor-section-height-default elementor-section-height-default\" data-id=\"3b19d35d\" data-element_type=\"section\" data-e-type=\"section\">\n\t\t\t\t\t\t<div class=\"elementor-container elementor-column-gap-default\">\n\t\t\t\t\t<div class=\"elementor-column elementor-col-100 elementor-top-column elementor-element elementor-element-1213c637 ik_politiques_confidentialite\" data-id=\"1213c637\" data-element_type=\"column\" data-e-type=\"column\">\n\t\t\t<div class=\"elementor-widget-wrap elementor-element-populated\">\n\t\t\t\t\t\t<div class=\"elementor-element elementor-element-3fdaf2a5 ml-rgpd elementor-widget elementor-widget-text-editor\" data-id=\"3fdaf2a5\" data-element_type=\"widget\" data-e-type=\"widget\" data-widget_type=\"text-editor.default\">\n\t\t\t\t<div class=\"elementor-widget-container\">\n\t\t\t\t\t\t\t\t\t<h1>Informativa sulla privacy di TRACEOCAD<\/h1><h2>ARTICOLO 1 &#8211; AMBITO DI APPLICAZIONE E APPLICABILIT\u00c0<\/h2><p>Il presente documento integra le condizioni generali e particolari di qualsiasi contratto stipulato tra, da un lato, la societ\u00e0 TRACEOCAD, iscritta al RCS di Aix en Provence con il numero 528 939 630 e con sede legale al 1544 Chemin de la Rose, nella persona del suo attuale Presidente e, dall&#8217;altro, qualsiasi persona fisica o giuridica che si avvale dei servizi della societ\u00e0 TRACEOCAD (di seguito denominata &#8220;il Cliente&#8221;).<\/p><p>Firmando il presente documento, il Cliente riconosce di aver letto integralmente la presente Informativa sulla privacy e di accettarla senza riserve.<br \/>Il Cliente riconosce inoltre che la presente Politica \u00e8 collegata ai termini e alle condizioni generali di TRACEOCAD che gli sono stati comunicati al momento dell&#8217;ordine dei Servizi e che accetta senza riserve.<\/p><h2>ARTICOLO 2 &#8211; FINALIT\u00c0<\/h2><p>La presente Informativa sulla privacy ha lo scopo di informare il Cliente sul trattamento dei dati personali effettuato da TRACEOCAD nell&#8217;ambito della fornitura dei Servizi.<\/p><h2>ARTICOLO 3 &#8211; DONNE A CARATTERE PERSONALE RACCOLTE DA TRACEOCAD<\/h2><p>Dans le cadre de son activit\u00e9, TRACEOCAD est amen\u00e9e \u00e0 collecter des donn\u00e9es personnelles dans le cadre de :<\/p><ul><li>\u00a0gestione delle relazioni con i clienti;<\/li><li>gestione dei prospect;<\/li><li>gestione dei fornitori;<\/li><li>fornitura e manutenzione del software;<\/li><li>prevenzione delle frodi e miglioramento continuo degli strumenti forniti;<\/li><li>gestione del modulo di contatto allegato al sito web;<\/li><li>gestione e invio della newsletter.<\/li><\/ul><p><br \/>La descrizione dettagliata di questo trattamento \u00e8 riportata negli articoli da 3.1 a 3.8. Il titolare del trattamento \u00e8 TRACEOCAD, i cui dati di contatto sono riportati all&#8217;articolo 1.<\/p><p>Gli interessati possono chiedere a TRACEOCAD l&#8217;accesso ai propri dati personali, la rettifica o la cancellazione degli stessi, la limitazione del trattamento, il diritto di opporsi al trattamento e il diritto alla portabilit\u00e0 dei dati, alle condizioni e nei limiti previsti dalla normativa vigente. Possono inoltre fornire istruzioni in merito all&#8217;utilizzo dei propri dati personali dopo la loro morte.<\/p><p>Per esercitare tali diritti, le persone devono contattare la signora M\u00e9linda Charbonnel all&#8217;indirizzo m.charbonnel@traceocad.fr. Le richieste di esercizio dei diritti di cui sopra devono essere accompagnate da un documento di identit\u00e0 dell&#8217;interessato. Le richieste verranno elaborate entro un mese dal ricevimento della prova d&#8217;identit\u00e0. In caso di circostanze particolari dovute alla complessit\u00e0 della richiesta o all&#8217;elevato numero di richieste da evadere, il tempo di risposta pu\u00f2 essere prolungato di altri due mesi.<\/p><p>Gli interessati hanno inoltre il diritto di presentare un reclamo alla CNIL o a qualsiasi altra autorit\u00e0 presente nell&#8217;elenco disponibile presso la Commissione europea.<\/p><h3>3.1. Gestione delle relazioni con i clienti<\/h3><p>La finalit\u00e0 del trattamento \u00e8 la gestione del rapporto con il Cliente. I dati vengono utilizzati per la stipula e il controllo dei contratti, la contabilit\u00e0, la fatturazione, il recupero crediti e l&#8217;invio di informazioni commerciali.<br \/>La base juridique du traitement est la n\u00e9cessit\u00e9 d\u2019ex\u00e9cuter le contrat conclu entre TRACEOCAD et le Client.<\/p><p>Le categorie di dati raccolti sono le seguenti: cognome, nome, indirizzo postale aziendale, numero di telefono aziendale e numero di telefono personale se il Cliente lo desidera, indirizzo e-mail aziendale e indirizzo e-mail personale se il Cliente lo desidera, coordinate bancarie.<\/p><p>Le categorie di persone interessate sono il\/i dirigente\/i se il Cliente \u00e8 una persona giuridica, il Cliente se quest&#8217;ultimo \u00e8 una persona fisica e, su base ad hoc, il\/i dipendente\/i del Cliente che funge\/no da contatto per TRACEOCAD nel contesto dell&#8217;esecuzione del contratto.<\/p><p>I dati vengono conservati per la durata del rapporto contrattuale, pi\u00f9 un periodo di cinque anni dalla fine del rapporto contrattuale.<\/p><p>I destinatari che possono avere accesso ai dati sono: personale autorizzato di TRACEOCAD, subappaltatori di TRACEOCAD, il cui elenco pu\u00f2 essere fornito su richiesta.<\/p><p>TRACEOCAD garantisce al Cliente che la riservatezza dei dati \u00e8 assicurata da adeguate misure tecniche e organizzative, in conformit\u00e0 alle normative vigenti.<\/p><p>La fornitura di informazioni \u00e8 di natura contrattuale. Se le informazioni non vengono fornite, il Cliente non potr\u00e0 stipulare un contratto con TRACEOCAD.<\/p><h2>3.2. Gestione dei prospetti<\/h2><p>La finalit\u00e0 del trattamento \u00e8 la prospezione commerciale. I dati vengono utilizzati per contattare potenziali clienti al fine di offrire loro i servizi di TRACEOCAD.<br \/>La base giuridica del trattamento \u00e8 il legittimo interesse di TRACEOCAD a sviluppare la propria attivit\u00e0 commerciale.<br \/>Vengono raccolte le seguenti categorie di dati: cognome, nome, indirizzo postale aziendale, numero di telefono e indirizzo e-mail.<br \/>Le categorie di persone interessate sono i potenziali clienti di TRACEOCAD. I dati vengono conservati per 3 anni dall&#8217;ultimo contatto con l&#8217;interessato.<br \/>I destinatari che possono avere accesso ai dati sono: membri autorizzati del personale di TRACEOCAD, subappaltatori di TRACEOCAD, il cui elenco pu\u00f2 essere fornito su richiesta.<br \/>TRACEOCAD garantisce che la riservatezza dei dati sia assicurata da misure tecniche e organizzative adeguate, in conformit\u00e0 alle normative vigenti.<\/p><h3>3.3. Gestione dei fornitori<\/h3><p>La finalit\u00e0 del trattamento \u00e8 la gestione dei rapporti con i fornitori di TRACEOCAD. I dati vengono utilizzati per la stipula e\/o il controllo dei contratti e per la liquidazione delle fatture.<br \/>La base giuridica del trattamento \u00e8 il legittimo interesse di TRACEOCAD nel normale esercizio della sua attivit\u00e0 commerciale.<br \/>Le categorie di dati raccolti sono le seguenti: cognome, nome, indirizzo postale aziendale, numero di telefono, indirizzo e-mail, coordinate bancarie, ecc. Le categorie di persone interessate sono i fornitori di TRACEOCAD.<br \/>I dati vengono conservati per la durata del rapporto contrattuale, pi\u00f9 il periodo di prescrizione di 5 anni.<br \/>I destinatari che possono avere accesso ai dati sono: membri autorizzati del personale di TRACEOCAD, subappaltatori di TRACEOCAD, il cui elenco pu\u00f2 essere fornito su richiesta.<br \/>TRACEOCAD garantisce che la riservatezza dei dati sia assicurata da misure tecniche e organizzative adeguate, in conformit\u00e0 alle normative vigenti.<\/p><h3>3.5. Fornitura e manutenzione del software<\/h3><p>La finalit\u00e0 del trattamento \u00e8 l&#8217;utilizzo del software per il quale TRACEOCAD concede licenze d&#8217;uso. I dati sono utilizzati per consentire agli utenti di utilizzare il software in conformit\u00e0 con la sua destinazione d&#8217;uso e per consentire operazioni di manutenzione correttiva ed evolutiva.<br \/>La base giuridica del trattamento \u00e8 la necessit\u00e0 di eseguire il contratto di licenza stipulato tra TRACEOCAD e il Cliente, nonch\u00e9 il legittimo interesse a proteggere i dati trasmessi dagli utenti tramite il software.<br \/>Vengono raccolte le seguenti categorie di dati: indirizzo IP, log di connessione per determinare la durata della connessione e le applicazioni aperte.<br \/>Le categorie di persone interessate sono tutti gli utenti del software distribuito da TRACEOCAD.<br \/>I dati vengono conservati per la durata del contratto di licenza pi\u00f9 il periodo di prescrizione di 5 anni (ad eccezione dei log di connessione, che vengono conservati per un periodo di un anno dalla connessione in questione).<br \/>I destinatari che possono avere accesso ai dati sono: membri autorizzati del personale di TRACEOCAD, subappaltatori di TRACEOCAD, il cui elenco pu\u00f2 essere fornito su richiesta.<br \/>TRACEOCAD garantisce al Cliente che la riservatezza dei dati \u00e8 assicurata da adeguate misure tecniche e organizzative, in conformit\u00e0 alle normative vigenti.<br \/>La fornitura di informazioni \u00e8 di natura contrattuale. Se le informazioni non vengono fornite, il Cliente non potr\u00e0 utilizzare il software TRACEOCAD.<\/p><h3>3.6 Lotta alle frodi e miglioramento continuo degli strumenti forniti<\/h3><p>Lo scopo del trattamento \u00e8 quello di combattere la pirateria del software e compilare statistiche per migliorare la funzionalit\u00e0 del sito.<br \/>La base giuridica del trattamento \u00e8 il legittimo interesse di TRACEOCAD a migliorare i propri strumenti e a prevenire o bloccare qualsiasi uso fraudolento degli stessi.<br \/>Vengono raccolte le seguenti categorie di dati: indirizzo IP, nome utente, indirizzo e-mail, tipo di sistema operativo, tipo di piattaforma CAD, comandi utilizzati.<br \/>Le categorie di persone interessate sono tutti gli utenti del software distribuito da TRACEOCAD, autorizzati o meno.<br \/>I dati vengono conservati per la durata del contratto di licenza pi\u00f9 il periodo di prescrizione di 5 anni.<br \/>I destinatari che possono avere accesso ai dati sono: membri autorizzati del personale di TRACEOCAD, subappaltatori di TRACEOCAD, il cui elenco pu\u00f2 essere fornito su richiesta.<br \/>TRACEOCAD garantisce al Cliente che la riservatezza dei dati \u00e8 assicurata da adeguate misure tecniche e organizzative, in conformit\u00e0 alle normative vigenti.<br \/>La fornitura di informazioni \u00e8 di natura contrattuale. Se le informazioni non vengono fornite, il Cliente non potr\u00e0 utilizzare il software TRACEOCAD.<\/p><h3>3.7 Gestione del modulo di contatto allegato al sito web<\/h3><p>La finalit\u00e0 del trattamento \u00e8 quella di rispondere alle richieste effettuate tramite il modulo di contatto presente sui siti https:\/\/www.autofluid.fr\/ e https:\/\/www.traceocad.fr\/.<\/p><p>Per autofluid.fr<br \/><a href=\"https:\/\/www.autofluid.fr\/reservez-une-demo\">https:\/\/www.autofluid.fr\/reservez-une-demo<\/a><br \/><a href=\"https:\/\/www.autofluid.fr\/hotline\">https:\/\/www.autofluid.fr\/hotline<\/a><br \/><a href=\"https:\/\/www.autofluid.fr\/contactez-nous\">https:\/\/www.autofluid.fr\/contactez-nous<\/a><br \/><a href=\"https:\/\/www.autofluid.fr\/en\/reservez-une-demo\">https:\/\/www.autofluid.fr\/en\/reservez-une-demo<\/a><br \/><a href=\"https:\/\/www.autofluid.fr\/en\/hotline\">https:\/\/www.autofluid.fr\/en\/hotline<\/a><br \/><a href=\"https:\/\/www.autofluid.fr\/en\/contactez-nous\">https:\/\/www.autofluid.fr\/en\/contactez-nous<\/a><br \/><a href=\"https:\/\/www.autofluid.fr\/it\/contattaci\">https:\/\/www.autofluid.fr\/it\/contattaci<\/a><br \/><a href=\"https:\/\/www.autofluid.fr\/it\/hotline\">https:\/\/www.autofluid.fr\/it\/hotline<\/a><br \/><a href=\"https:\/\/www.autofluid.fr\/it\/prenota-una-dimostrazione\">https:\/\/www.autofluid.fr\/it\/prenota-una-dimostrazione<\/a><\/p><p><br \/>Per traceocad.fr<br \/><a href=\"https:\/\/www.traceocad.fr\/contact\/\" target=\"_blank\" rel=\"noopener\">https:\/\/www.traceocad.fr\/contact\/<\/a><br \/><a href=\"https:\/\/www.traceocad.fr\/en\/contact\/\" target=\"_blank\" rel=\"noopener\">https:\/\/www.traceocad.fr\/en\/contact\/<\/a><\/p><p>La base giuridica del trattamento \u00e8 il legittimo interesse di TRACEOCAD a rispondere alle richieste, nonch\u00e9 il consenso che il Cliente esprime utilizzando il modulo in questione.<br \/>Le categorie di dati raccolti sono le seguenti: cognome, nome, indirizzo e-mail, indirizzo postale e numero di telefono. <br \/>Le categorie di persone interessate sono quelle che utilizzano i moduli di contatto.<br \/>I dati vengono conservati per un periodo adeguato, a seconda del mittente del messaggio (clienti, potenziali clienti, candidati all&#8217;assunzione). I destinatari che possono avere accesso ai dati sono: membri autorizzati del personale di TRACEOCAD, subappaltatori di TRACEOCAD, il cui elenco pu\u00f2 essere fornito su richiesta.<br \/>TRACEOCAD garantisce al Cliente che la riservatezza dei dati \u00e8 assicurata da adeguate misure tecniche e organizzative, in conformit\u00e0 alle normative vigenti.<br \/>La fornitura di informazioni \u00e8 necessaria. In mancanza di tali informazioni, l&#8217;interessato non potr\u00e0 essere contattato da TRACEOCAD.<\/p><h3>3.8 Gestione e invio di newsletter<\/h3><p>Lo scopo del trattamento \u00e8 quello di inviare agli iscritti alla newsletter informazioni su TRACEOCAD, sulle sue offerte di servizi o altre informazioni pertinenti (consigli, commenti sulle notizie, ecc.). Si tratta inoltre di gestire le iscrizioni alla newsletter e di produrre le newsletter.<br \/>La base giuridica del trattamento \u00e8 il legittimo interesse di TRACEOCAD a fornire tali informazioni ai propri Clienti, nonch\u00e9 il loro consenso quando si registrano alla newsletter.<br \/>Vengono raccolte le seguenti categorie di dati: cognome, nome, indirizzo e-mail.<br \/>Le categorie di persone interessate sono quelle che si sono iscritte e i dati saranno conservati per la durata dell&#8217;iscrizione fino alla cancellazione dalle mailing list.<br \/>I destinatari che possono avere accesso ai dati sono: membri autorizzati del personale di TRACEOCAD, subappaltatori di TRACEOCAD, il cui elenco pu\u00f2 essere fornito su richiesta.<br \/>TRACEOCAD garantisce al Cliente che la riservatezza dei dati \u00e8 assicurata da adeguate misure tecniche e organizzative, in conformit\u00e0 alle normative vigenti.<br \/>Il conferimento delle informazioni \u00e8 necessario. In caso di mancato conferimento dei dati, l&#8217;interessato non potr\u00e0 ricevere la newsletter di TRACEOCAD.<\/p><h2>ARTICOLO 4 &#8211; DISPOSIZIONI APPLICABILI A TUTTE LE OPERAZIONI DI TRATTAMENTO<\/h2><h3>4.1. Trasferimento dei dati personali<\/h3><p>Con la sottoscrizione della presente Informativa sulla privacy, il Cliente autorizza espressamente i destinatari menzionati per ciascuna finalit\u00e0 di cui sopra ad avere accesso ai dati personali per la finalit\u00e0 corrispondente.<br \/>I dati personali trasmessi a TRACEOCAD possono essere trasferiti a un fornitore di servizi al di fuori dell&#8217;Unione Europea.<br \/>In questo contesto, TRACEOCAD assicura che sono state messe in atto misure appropriate per garantire che i dati personali degli utenti beneficino di un livello di protezione adeguato. TRACEOCAD ha inoltre stabilito un quadro di riferimento per i rapporti con il proprio fornitore di servizi, attraverso clausole contrattuali standard.<br \/>I dati personali raccolti da TRACEOCAD non saranno in nessun caso commercializzati a terzi senza l&#8217;espressa autorizzazione degli interessati.<\/p><h3>4.2. Sicurezza dei dati<\/h3><p>TRACEOCAD ha messo in atto misure tecniche e organizzative per garantire un livello di protezione dei dati adeguato alla natura dei dati e allo scopo per cui vengono trattati.<\/p><p>In particolare, TRACEOCAD :<\/p><ul><li>Sottopone il proprio personale a un obbligo di riservatezza;\u00a0<\/li><li>Sensibilizza le persone che trattano i dati e ha redatto una carta informatica vincolante;<\/li><li>Traccia gli accessi;<\/li><li>Protegge le postazioni di lavoro (procedura di blocco automatico delle sessioni, software antivirus aggiornato, firewall);<\/li><li>Protegge i server (limita l&#8217;accesso agli strumenti di amministrazione e alle interfacce alle sole persone autorizzate, installa senza indugio gli aggiornamenti critici, garantisce la disponibilit\u00e0 dei dati);<\/li><li>Gestisce i subappalti (clausole specifiche nei contratti con i subappaltatori, condizioni di restituzione e distruzione dei dati, efficacia delle garanzie fornite);<\/li><li>Protegge i locali (accesso limitato ai locali tramite porte chiuse a chiave);<\/li><\/ul><p>Tuttavia, si ricorda al Cliente che l&#8217;obbligo di sicurezza \u00e8 limitato dallo stato dell&#8217;arte e che si tratta solo di un obbligo di mezzi, in quanto TRACEOCAD non pu\u00f2 garantire al 100% che i dati memorizzati non vengano compromessi.<\/p><h2>5. MODIFICHE ALLA PRESENTE INFORMATIVA SULLA PRIVACY<\/h2><p>TRACEOCAD si riserva il diritto di modificare la presente Informativa sulla privacy in qualsiasi momento. In caso di modifica, la nuova versione sar\u00e0 inviata via e-mail al Cliente per la firma.<\/p>\t\t\t\t\t\t\t\t<\/div>\n\t\t\t\t<\/div>\n\t\t\t\t\t<\/div>\n\t\t<\/div>\n\t\t\t\t\t<\/div>\n\t\t<\/section>\n\t\t\t\t<\/div>\n\t\t","protected":false},"excerpt":{"rendered":"<p>Informativa sulla privacy di TRACEOCAD ARTICOLO 1 &#8211; AMBITO DI APPLICAZIONE E APPLICABILIT\u00c0 Il presente documento integra le condizioni generali e particolari di qualsiasi contratto stipulato tra, da un lato, la societ\u00e0 TRACEOCAD, iscritta al RCS di Aix en Provence con il numero 528 939 630 e con sede legale al 1544 Chemin de la [&hellip;]<\/p>\n","protected":false},"author":1,"featured_media":6678,"parent":0,"menu_order":0,"comment_status":"closed","ping_status":"closed","template":"","meta":{"_acf_changed":false,"inline_featured_image":false,"footnotes":""},"class_list":["post-19828","page","type-page","status-publish","has-post-thumbnail","hentry"],"acf":[],"yoast_head":"<!-- This site is optimized with the Yoast SEO plugin v27.3 - https:\/\/yoast.com\/product\/yoast-seo-wordpress\/ -->\n<title>Privacy | AUTOFLUID<\/title>\n<meta name=\"description\" content=\"Consultate le politiche sulla privacy del nostro sito web Autofluid. Avete domande? Non esitate a contattarci.\" \/>\n<meta name=\"robots\" content=\"index, follow, max-snippet:-1, max-image-preview:large, max-video-preview:-1\" \/>\n<link rel=\"canonical\" href=\"https:\/\/www.autofluid.fr\/it\/privacy\/\" \/>\n<meta property=\"og:locale\" content=\"it_IT\" \/>\n<meta property=\"og:type\" content=\"article\" \/>\n<meta property=\"og:title\" content=\"Privacy | AUTOFLUID\" \/>\n<meta property=\"og:description\" content=\"Consultate le politiche sulla privacy del nostro sito web Autofluid. Avete domande? Non esitate a contattarci.\" \/>\n<meta property=\"og:url\" content=\"https:\/\/www.autofluid.fr\/it\/privacy\/\" \/>\n<meta property=\"og:site_name\" content=\"AUTOFLUID\" \/>\n<meta property=\"article:modified_time\" content=\"2024-06-20T13:21:51+00:00\" \/>\n<meta property=\"og:image\" content=\"https:\/\/www.autofluid.fr\/wp-content\/uploads\/2022\/04\/formule-abonnement-autofluid-scaled.jpg\" \/>\n\t<meta property=\"og:image:width\" content=\"2560\" \/>\n\t<meta property=\"og:image:height\" content=\"738\" \/>\n\t<meta property=\"og:image:type\" content=\"image\/jpeg\" \/>\n<meta name=\"twitter:card\" content=\"summary_large_image\" \/>\n<meta name=\"twitter:label1\" content=\"Tempo di lettura stimato\" \/>\n\t<meta name=\"twitter:data1\" content=\"11 minuti\" \/>\n<script type=\"application\/ld+json\" class=\"yoast-schema-graph\">{\"@context\":\"https:\\\/\\\/schema.org\",\"@graph\":[{\"@type\":\"WebPage\",\"@id\":\"https:\\\/\\\/www.autofluid.fr\\\/it\\\/privacy\\\/\",\"url\":\"https:\\\/\\\/www.autofluid.fr\\\/it\\\/privacy\\\/\",\"name\":\"Privacy | AUTOFLUID\",\"isPartOf\":{\"@id\":\"https:\\\/\\\/www.autofluid.fr\\\/#website\"},\"primaryImageOfPage\":{\"@id\":\"https:\\\/\\\/www.autofluid.fr\\\/it\\\/privacy\\\/#primaryimage\"},\"image\":{\"@id\":\"https:\\\/\\\/www.autofluid.fr\\\/it\\\/privacy\\\/#primaryimage\"},\"thumbnailUrl\":\"https:\\\/\\\/www.autofluid.fr\\\/wp-content\\\/uploads\\\/2022\\\/04\\\/formule-abonnement-autofluid-scaled.jpg\",\"datePublished\":\"2020-12-23T11:56:30+00:00\",\"dateModified\":\"2024-06-20T13:21:51+00:00\",\"description\":\"Consultate le politiche sulla privacy del nostro sito web Autofluid. Avete domande? Non esitate a contattarci.\",\"inLanguage\":\"it-IT\",\"potentialAction\":[{\"@type\":\"ReadAction\",\"target\":[\"https:\\\/\\\/www.autofluid.fr\\\/it\\\/privacy\\\/\"]}]},{\"@type\":\"ImageObject\",\"inLanguage\":\"it-IT\",\"@id\":\"https:\\\/\\\/www.autofluid.fr\\\/it\\\/privacy\\\/#primaryimage\",\"url\":\"https:\\\/\\\/www.autofluid.fr\\\/wp-content\\\/uploads\\\/2022\\\/04\\\/formule-abonnement-autofluid-scaled.jpg\",\"contentUrl\":\"https:\\\/\\\/www.autofluid.fr\\\/wp-content\\\/uploads\\\/2022\\\/04\\\/formule-abonnement-autofluid-scaled.jpg\",\"width\":2560,\"height\":738,\"caption\":\"logo de la suite Autofluid\"},{\"@type\":\"WebSite\",\"@id\":\"https:\\\/\\\/www.autofluid.fr\\\/#website\",\"url\":\"https:\\\/\\\/www.autofluid.fr\\\/\",\"name\":\"AUTOFLUID\",\"description\":\"Le logiciel de conception et dessin 2D et 3D des professionnels des fluides CVC et sanitaires\",\"publisher\":{\"@id\":\"https:\\\/\\\/www.autofluid.fr\\\/#organization\"},\"potentialAction\":[{\"@type\":\"SearchAction\",\"target\":{\"@type\":\"EntryPoint\",\"urlTemplate\":\"https:\\\/\\\/www.autofluid.fr\\\/?s={search_term_string}\"},\"query-input\":{\"@type\":\"PropertyValueSpecification\",\"valueRequired\":true,\"valueName\":\"search_term_string\"}}],\"inLanguage\":\"it-IT\"},{\"@type\":\"Organization\",\"@id\":\"https:\\\/\\\/www.autofluid.fr\\\/#organization\",\"name\":\"AUTOFLUID\",\"url\":\"https:\\\/\\\/www.autofluid.fr\\\/\",\"logo\":{\"@type\":\"ImageObject\",\"inLanguage\":\"it-IT\",\"@id\":\"https:\\\/\\\/www.autofluid.fr\\\/#\\\/schema\\\/logo\\\/image\\\/\",\"url\":\"https:\\\/\\\/www.autofluid.fr\\\/wp-content\\\/uploads\\\/2022\\\/04\\\/logo-autofluid-bleu.svg\",\"contentUrl\":\"https:\\\/\\\/www.autofluid.fr\\\/wp-content\\\/uploads\\\/2022\\\/04\\\/logo-autofluid-bleu.svg\",\"width\":172,\"height\":29,\"caption\":\"AUTOFLUID\"},\"image\":{\"@id\":\"https:\\\/\\\/www.autofluid.fr\\\/#\\\/schema\\\/logo\\\/image\\\/\"}}]}<\/script>\n<!-- \/ Yoast SEO plugin. -->","yoast_head_json":{"title":"Privacy | AUTOFLUID","description":"Consultate le politiche sulla privacy del nostro sito web Autofluid. Avete domande? Non esitate a contattarci.","robots":{"index":"index","follow":"follow","max-snippet":"max-snippet:-1","max-image-preview":"max-image-preview:large","max-video-preview":"max-video-preview:-1"},"canonical":"https:\/\/www.autofluid.fr\/it\/privacy\/","og_locale":"it_IT","og_type":"article","og_title":"Privacy | AUTOFLUID","og_description":"Consultate le politiche sulla privacy del nostro sito web Autofluid. Avete domande? Non esitate a contattarci.","og_url":"https:\/\/www.autofluid.fr\/it\/privacy\/","og_site_name":"AUTOFLUID","article_modified_time":"2024-06-20T13:21:51+00:00","og_image":[{"width":2560,"height":738,"url":"https:\/\/www.autofluid.fr\/wp-content\/uploads\/2022\/04\/formule-abonnement-autofluid-scaled.jpg","type":"image\/jpeg"}],"twitter_card":"summary_large_image","twitter_misc":{"Tempo di lettura stimato":"11 minuti"},"schema":{"@context":"https:\/\/schema.org","@graph":[{"@type":"WebPage","@id":"https:\/\/www.autofluid.fr\/it\/privacy\/","url":"https:\/\/www.autofluid.fr\/it\/privacy\/","name":"Privacy | AUTOFLUID","isPartOf":{"@id":"https:\/\/www.autofluid.fr\/#website"},"primaryImageOfPage":{"@id":"https:\/\/www.autofluid.fr\/it\/privacy\/#primaryimage"},"image":{"@id":"https:\/\/www.autofluid.fr\/it\/privacy\/#primaryimage"},"thumbnailUrl":"https:\/\/www.autofluid.fr\/wp-content\/uploads\/2022\/04\/formule-abonnement-autofluid-scaled.jpg","datePublished":"2020-12-23T11:56:30+00:00","dateModified":"2024-06-20T13:21:51+00:00","description":"Consultate le politiche sulla privacy del nostro sito web Autofluid. Avete domande? Non esitate a contattarci.","inLanguage":"it-IT","potentialAction":[{"@type":"ReadAction","target":["https:\/\/www.autofluid.fr\/it\/privacy\/"]}]},{"@type":"ImageObject","inLanguage":"it-IT","@id":"https:\/\/www.autofluid.fr\/it\/privacy\/#primaryimage","url":"https:\/\/www.autofluid.fr\/wp-content\/uploads\/2022\/04\/formule-abonnement-autofluid-scaled.jpg","contentUrl":"https:\/\/www.autofluid.fr\/wp-content\/uploads\/2022\/04\/formule-abonnement-autofluid-scaled.jpg","width":2560,"height":738,"caption":"logo de la suite Autofluid"},{"@type":"WebSite","@id":"https:\/\/www.autofluid.fr\/#website","url":"https:\/\/www.autofluid.fr\/","name":"AUTOFLUID","description":"Le logiciel de conception et dessin 2D et 3D des professionnels des fluides CVC et sanitaires","publisher":{"@id":"https:\/\/www.autofluid.fr\/#organization"},"potentialAction":[{"@type":"SearchAction","target":{"@type":"EntryPoint","urlTemplate":"https:\/\/www.autofluid.fr\/?s={search_term_string}"},"query-input":{"@type":"PropertyValueSpecification","valueRequired":true,"valueName":"search_term_string"}}],"inLanguage":"it-IT"},{"@type":"Organization","@id":"https:\/\/www.autofluid.fr\/#organization","name":"AUTOFLUID","url":"https:\/\/www.autofluid.fr\/","logo":{"@type":"ImageObject","inLanguage":"it-IT","@id":"https:\/\/www.autofluid.fr\/#\/schema\/logo\/image\/","url":"https:\/\/www.autofluid.fr\/wp-content\/uploads\/2022\/04\/logo-autofluid-bleu.svg","contentUrl":"https:\/\/www.autofluid.fr\/wp-content\/uploads\/2022\/04\/logo-autofluid-bleu.svg","width":172,"height":29,"caption":"AUTOFLUID"},"image":{"@id":"https:\/\/www.autofluid.fr\/#\/schema\/logo\/image\/"}}]}},"_links":{"self":[{"href":"https:\/\/www.autofluid.fr\/it\/wp-json\/wp\/v2\/pages\/19828","targetHints":{"allow":["GET"]}}],"collection":[{"href":"https:\/\/www.autofluid.fr\/it\/wp-json\/wp\/v2\/pages"}],"about":[{"href":"https:\/\/www.autofluid.fr\/it\/wp-json\/wp\/v2\/types\/page"}],"author":[{"embeddable":true,"href":"https:\/\/www.autofluid.fr\/it\/wp-json\/wp\/v2\/users\/1"}],"replies":[{"embeddable":true,"href":"https:\/\/www.autofluid.fr\/it\/wp-json\/wp\/v2\/comments?post=19828"}],"version-history":[{"count":4,"href":"https:\/\/www.autofluid.fr\/it\/wp-json\/wp\/v2\/pages\/19828\/revisions"}],"predecessor-version":[{"id":19876,"href":"https:\/\/www.autofluid.fr\/it\/wp-json\/wp\/v2\/pages\/19828\/revisions\/19876"}],"wp:featuredmedia":[{"embeddable":true,"href":"https:\/\/www.autofluid.fr\/it\/wp-json\/wp\/v2\/media\/6678"}],"wp:attachment":[{"href":"https:\/\/www.autofluid.fr\/it\/wp-json\/wp\/v2\/media?parent=19828"}],"curies":[{"name":"wp","href":"https:\/\/api.w.org\/{rel}","templated":true}]}}